{"id":752,"date":"2024-08-13T11:08:51","date_gmt":"2024-08-13T11:08:51","guid":{"rendered":"https:\/\/www.camping.care\/?page_id=752"},"modified":"2025-10-03T10:25:45","modified_gmt":"2025-10-03T10:25:45","slug":"villkor","status":"publish","type":"page","link":"https:\/\/www.camping.care\/sv\/terms-and-conditions\/","title":{"rendered":"Regler och villkor"},"content":{"rendered":"<ol>\n<li>Kunden \u00e4r f\u00f6rbjuden att anv\u00e4nda tj\u00e4nsterna f\u00f6r att bryta mot holl\u00e4ndska eller andra regler som kunden eller Camping.care \u00e4r f\u00f6rem\u00e5l f\u00f6r, eller f\u00f6r att bryta mot andras r\u00e4ttigheter.<\/li>\n<li>Camping.care f\u00f6rbjuder att tj\u00e4nsterna anv\u00e4nds f\u00f6r att publicera eller sprida material (oavsett om det \u00e4r lagligt eller inte) som:<\/li>\n<\/ol>\n<ul>\n<li>\u00e4r uppenbarligen avsedda att st\u00f6dja andra att kr\u00e4nka tredje parts r\u00e4ttigheter, till exempel webbplats som inneh\u00e5ller (exklusivt eller \u00f6verv\u00e4gande) hackverktyg eller f\u00f6rklaringar av cyberbrott som uppenbarligen \u00e4r avsedda att g\u00f6ra det m\u00f6jligt f\u00f6r l\u00e4saren att utf\u00f6ra de beskrivna kriminella aktiviteterna (och inte att f\u00f6rsvara sig mot s\u00e5dana );<\/li>\n<li>\u00e4r uppenbarligen \u00e4rekr\u00e4nkande, f\u00f6rtalande, kr\u00e4nkande, rasistiska, diskriminerande eller uppviglar till hat;<\/li>\n<li>inneh\u00e5ller barnpornografi eller bestialitetspornografi eller \u00e4r uppenbarligen avsedda att hj\u00e4lpa andra att hitta s\u00e5dant material;<\/li>\n<li>utg\u00f6ra en kr\u00e4nkning av tredje parts integritet, vilket \u00e4ven inkluderar spridning av personuppgifter fr\u00e5n tredje part utan tillst\u00e5nd eller n\u00f6dv\u00e4ndighet och n\u00e4rmande av tredje part med o\u00f6nskad kommunikation;<\/li>\n<li>inneh\u00e5lla hyperl\u00e4nkar, torrents eller referenser till (platser som inneh\u00e5ller) material som uppenbarligen g\u00f6r intr\u00e5ng i upphovsr\u00e4tt, n\u00e4rliggande r\u00e4ttigheter eller portr\u00e4ttr\u00e4ttigheter;<\/li>\n<li>inneh\u00e5lla o\u00f6nskad kommersiell, v\u00e4lg\u00f6renhets- eller idealistisk kommunikation;<\/li>\n<li>inneh\u00e5ller skadlig programvara som virus eller spionprogram.<\/li>\n<\/ul>\n<ol>\n<li>Spridning av pornografiskt material med hj\u00e4lp av tj\u00e4nsterna \u00e4r f\u00f6rbjuden.<\/li>\n<li>Kunden ska avst\u00e5 fr\u00e5n att hindra andra kunder och internetanv\u00e4ndare eller skada Camping.cares eller andra kunders system eller n\u00e4tverk. Kunden \u00e4r f\u00f6rbjuden att exekvera processer eller program, vare sig genom systemen i Camping.care eller inte, om vilka Kunden vet eller rimligen borde veta att dessa kan orsaka skada eller hinder f\u00f6r Camping.care, dess kunder eller internetanv\u00e4ndare.<\/li>\n<li>Om det enligt Camping.care uppst\u00e5r hinder, skador eller andra faror f\u00f6r funktionen av Camping.care:s eller tredje parts system eller n\u00e4tverk och\/eller tj\u00e4nsteleverans via internet, har Camping.care r\u00e4tt att vidta alla \u00e5tg\u00e4rder som den rimligen anser n\u00f6dv\u00e4ndiga f\u00f6r att avv\u00e4rja eller f\u00f6rhindra s\u00e5dan fara. Mer specifikt kan en s\u00e5dan fara f\u00f6religga i form av \u00f6verdriven \u00f6verf\u00f6ring av e-post eller annan data, \u00f6verbelastningsattacker, d\u00e5ligt s\u00e4krade system eller aktiviteter av virus, trojaner eller liknande programvara. Camping.care kan ers\u00e4tta kostnaderna som rimligen \u00e4r f\u00f6rknippade med dessa \u00e5tg\u00e4rder fr\u00e5n Kunden, om Kunden kan klandras f\u00f6r orsaken.<\/li>\n<li>Om Camping.care tar emot ett klagom\u00e5l om \u00f6vertr\u00e4delse av denna artikel av kunden, eller om Camping.care konstaterar att det finns en s\u00e5dan \u00f6vertr\u00e4delse, ska Camping.care meddela kunden om s\u00e5dant klagom\u00e5l eller \u00f6vertr\u00e4delse s\u00e5 snart som m\u00f6jligt. Kunden ska svara s\u00e5 snart som m\u00f6jligt, varefter Camping.care ska besluta hur det ska hanteras. I undantagsfall, d\u00e4r klaganden har beg\u00e4rt att inte vidarebefordra klagom\u00e5let till Kunden eller Camping.care konstaterat att \u00f6vertr\u00e4delsen \u00e4r uppenbar, \u00e4r Camping.care inte skyldig att vidarebefordra klagom\u00e5let.<\/li>\n<li>Om Camping.care konstaterar att det finns en \u00f6vertr\u00e4delse, ska den blockera \u00e5tkomsten till det eller de ber\u00f6rda materialet, utan att definitivt ta bort materialet (om detta visar sig tekniskt om\u00f6jligt, ska Camping.care skapa en s\u00e4kerhetskopia). Camping.care ska anstr\u00e4nga sig f\u00f6r att inte p\u00e5verka andra material i den processen. Camping.care ska underr\u00e4tta Kunden om vidtagna \u00e5tg\u00e4rder s\u00e5 snart som m\u00f6jligt.<\/li>\n<li>Camping.care ska alltid ha r\u00e4tt att rapportera alla uppt\u00e4ckta olagliga aktiviteter.<\/li>\n<li>\u00c4ven om Camping.care str\u00e4var efter att agera p\u00e5 det mest rimliga, f\u00f6rsiktiga och adekvata s\u00e4ttet efter klagom\u00e5l p\u00e5 Kund, \u00e4r Camping.care aldrig skyldig att ers\u00e4tta skador som uppst\u00e5r till f\u00f6ljd av de \u00e5tg\u00e4rder som vidtagits inom ramen f\u00f6r denna artikel.<\/li>\n<li>Kunden f\u00e5r s\u00e4lja tj\u00e4nsterna vidare, men endast buntade med eller som en del av sina egna produkter eller tj\u00e4nster utan att avsl\u00f6ja namnet p\u00e5 Camping.care som leverant\u00f6r eller underleverant\u00f6r. Kunden ska h\u00e5lla Camping.care skadesl\u00f6s fr\u00e5n alla anspr\u00e5k fr\u00e5n kundens kunder. Camping.care har \u00e4ven r\u00e4tt att vidta \u00e5tg\u00e4rder inom ramen f\u00f6r denna artikel f\u00f6r \u00f6vertr\u00e4delser av dessa Allm\u00e4nna Villkor av Kundens egna kunder.<\/li>\n<\/ol>","protected":false},"excerpt":{"rendered":"<p>Kunden \u00e4r f\u00f6rbjuden att anv\u00e4nda tj\u00e4nsterna f\u00f6r att bryta mot holl\u00e4ndska eller andra regler som kunden eller Camping.care \u00e4r f\u00f6rem\u00e5l f\u00f6r, eller f\u00f6r att bryta mot andras r\u00e4ttigheter. Camping.care f\u00f6rbjuder att tj\u00e4nsterna anv\u00e4nds f\u00f6r att publicera eller sprida material (oavsett om de \u00e4r lagliga eller inte) som: uppenbarligen \u00e4r avsedda att st\u00f6dja andra att kr\u00e4nka r\u00e4ttigheterna f\u00f6r... <a class=\"more-link\" href=\"https:\/\/www.camping.care\/sv\/terms-and-conditions\/\">Forts\u00e4tt l\u00e4sa <span class=\"screen-reader-text\">Regler och villkor<\/span><\/a><\/p>","protected":false},"author":1,"featured_media":0,"parent":0,"menu_order":0,"comment_status":"closed","ping_status":"closed","template":"general_page.php","meta":{"_acf_changed":false,"inline_featured_image":false,"footnotes":""},"class_list":["post-752","page","type-page","status-publish","hentry","entry"],"acf":[],"yoast_head":"<!-- This site is optimized with the Yoast SEO plugin v27.3 - https:\/\/yoast.com\/product\/yoast-seo-wordpress\/ -->\n<title>Terms and Conditions - Camping.care<\/title>\n<meta name=\"robots\" content=\"index, follow, max-snippet:-1, max-image-preview:large, max-video-preview:-1\" \/>\n<link rel=\"canonical\" href=\"https:\/\/www.camping.care\/sv\/villkor\/\" \/>\n<meta property=\"og:locale\" content=\"sv_SE\" \/>\n<meta property=\"og:type\" content=\"article\" \/>\n<meta property=\"og:title\" content=\"Terms and Conditions - Camping.care\" \/>\n<meta property=\"og:description\" content=\"Customer is prohibited to use the Services to violate Dutch or other regulation that Customer or Camping.care is subject to, or to violate rights of others. Camping.care prohibits that the Services are used to publish or disseminate Materials (whether they are lawful or not) that: are evidently intended to support others to violate rights of&hellip; Continue reading Terms and Conditions\" \/>\n<meta property=\"og:url\" content=\"https:\/\/www.camping.care\/sv\/villkor\/\" \/>\n<meta property=\"og:site_name\" content=\"Camping.care\" \/>\n<meta property=\"article:modified_time\" content=\"2025-10-03T10:25:45+00:00\" \/>\n<meta name=\"twitter:card\" content=\"summary_large_image\" \/>\n<meta name=\"twitter:label1\" content=\"Ber\u00e4knad l\u00e4stid\" \/>\n\t<meta name=\"twitter:data1\" content=\"3 minuter\" \/>\n<script type=\"application\/ld+json\" class=\"yoast-schema-graph\">{\"@context\":\"https:\\\/\\\/schema.org\",\"@graph\":[{\"@type\":\"WebPage\",\"@id\":\"https:\\\/\\\/www.camping.care\\\/nl\\\/algemene-voorwaarden\\\/\",\"url\":\"https:\\\/\\\/www.camping.care\\\/nl\\\/algemene-voorwaarden\\\/\",\"name\":\"Terms and Conditions - Camping.care\",\"isPartOf\":{\"@id\":\"https:\\\/\\\/www.camping.care\\\/en\\\/#website\"},\"datePublished\":\"2024-08-13T11:08:51+00:00\",\"dateModified\":\"2025-10-03T10:25:45+00:00\",\"breadcrumb\":{\"@id\":\"https:\\\/\\\/www.camping.care\\\/nl\\\/algemene-voorwaarden\\\/#breadcrumb\"},\"inLanguage\":\"sv-SE\",\"potentialAction\":[{\"@type\":\"ReadAction\",\"target\":[\"https:\\\/\\\/www.camping.care\\\/nl\\\/algemene-voorwaarden\\\/\"]}]},{\"@type\":\"BreadcrumbList\",\"@id\":\"https:\\\/\\\/www.camping.care\\\/nl\\\/algemene-voorwaarden\\\/#breadcrumb\",\"itemListElement\":[{\"@type\":\"ListItem\",\"position\":1,\"name\":\"Home\",\"item\":\"https:\\\/\\\/www.camping.care\\\/\"},{\"@type\":\"ListItem\",\"position\":2,\"name\":\"Terms and Conditions\"}]},{\"@type\":\"WebSite\",\"@id\":\"https:\\\/\\\/www.camping.care\\\/en\\\/#website\",\"url\":\"https:\\\/\\\/www.camping.care\\\/en\\\/\",\"name\":\"Camping.care\",\"description\":\"\",\"potentialAction\":[{\"@type\":\"SearchAction\",\"target\":{\"@type\":\"EntryPoint\",\"urlTemplate\":\"https:\\\/\\\/www.camping.care\\\/en\\\/?s={search_term_string}\"},\"query-input\":{\"@type\":\"PropertyValueSpecification\",\"valueRequired\":true,\"valueName\":\"search_term_string\"}}],\"inLanguage\":\"sv-SE\"}]}<\/script>\n<!-- \/ Yoast SEO plugin. -->","yoast_head_json":{"title":"Regler och villkor - Camping.care","robots":{"index":"index","follow":"follow","max-snippet":"max-snippet:-1","max-image-preview":"max-image-preview:large","max-video-preview":"max-video-preview:-1"},"canonical":"https:\/\/www.camping.care\/sv\/villkor\/","og_locale":"sv_SE","og_type":"article","og_title":"Terms and Conditions - Camping.care","og_description":"Customer is prohibited to use the Services to violate Dutch or other regulation that Customer or Camping.care is subject to, or to violate rights of others. Camping.care prohibits that the Services are used to publish or disseminate Materials (whether they are lawful or not) that: are evidently intended to support others to violate rights of&hellip; Continue reading Terms and Conditions","og_url":"https:\/\/www.camping.care\/sv\/villkor\/","og_site_name":"Camping.care","article_modified_time":"2025-10-03T10:25:45+00:00","twitter_card":"summary_large_image","twitter_misc":{"Ber\u00e4knad l\u00e4stid":"3 minuter"},"schema":{"@context":"https:\/\/schema.org","@graph":[{"@type":"WebPage","@id":"https:\/\/www.camping.care\/nl\/algemene-voorwaarden\/","url":"https:\/\/www.camping.care\/nl\/algemene-voorwaarden\/","name":"Regler och villkor - Camping.care","isPartOf":{"@id":"https:\/\/www.camping.care\/en\/#website"},"datePublished":"2024-08-13T11:08:51+00:00","dateModified":"2025-10-03T10:25:45+00:00","breadcrumb":{"@id":"https:\/\/www.camping.care\/nl\/algemene-voorwaarden\/#breadcrumb"},"inLanguage":"sv-SE","potentialAction":[{"@type":"ReadAction","target":["https:\/\/www.camping.care\/nl\/algemene-voorwaarden\/"]}]},{"@type":"BreadcrumbList","@id":"https:\/\/www.camping.care\/nl\/algemene-voorwaarden\/#breadcrumb","itemListElement":[{"@type":"ListItem","position":1,"name":"Home","item":"https:\/\/www.camping.care\/"},{"@type":"ListItem","position":2,"name":"Terms and Conditions"}]},{"@type":"WebSite","@id":"https:\/\/www.camping.care\/en\/#website","url":"https:\/\/www.camping.care\/en\/","name":"Camping.care","description":"","potentialAction":[{"@type":"SearchAction","target":{"@type":"EntryPoint","urlTemplate":"https:\/\/www.camping.care\/en\/?s={search_term_string}"},"query-input":{"@type":"PropertyValueSpecification","valueRequired":true,"valueName":"search_term_string"}}],"inLanguage":"sv-SE"}]}},"_links":{"self":[{"href":"https:\/\/www.camping.care\/sv\/wp-json\/wp\/v2\/pages\/752","targetHints":{"allow":["GET"]}}],"collection":[{"href":"https:\/\/www.camping.care\/sv\/wp-json\/wp\/v2\/pages"}],"about":[{"href":"https:\/\/www.camping.care\/sv\/wp-json\/wp\/v2\/types\/page"}],"author":[{"embeddable":true,"href":"https:\/\/www.camping.care\/sv\/wp-json\/wp\/v2\/users\/1"}],"replies":[{"embeddable":true,"href":"https:\/\/www.camping.care\/sv\/wp-json\/wp\/v2\/comments?post=752"}],"version-history":[{"count":18,"href":"https:\/\/www.camping.care\/sv\/wp-json\/wp\/v2\/pages\/752\/revisions"}],"predecessor-version":[{"id":74553,"href":"https:\/\/www.camping.care\/sv\/wp-json\/wp\/v2\/pages\/752\/revisions\/74553"}],"wp:attachment":[{"href":"https:\/\/www.camping.care\/sv\/wp-json\/wp\/v2\/media?parent=752"}],"curies":[{"name":"wp","href":"https:\/\/api.w.org\/{rel}","templated":true}]}}