{"id":752,"date":"2024-08-13T11:08:51","date_gmt":"2024-08-13T11:08:51","guid":{"rendered":"https:\/\/www.camping.care\/?page_id=752"},"modified":"2025-10-03T10:25:45","modified_gmt":"2025-10-03T10:25:45","slug":"termos-e-condicoes","status":"publish","type":"page","link":"https:\/\/www.camping.care\/pt\/terms-and-conditions\/","title":{"rendered":"Termos e Condi\u00e7\u00f5es"},"content":{"rendered":"<ol>\n<li>O Cliente est\u00e1 proibido de usar os Servi\u00e7os para violar regulamenta\u00e7\u00f5es holandesas ou outras \u00e0s quais o Cliente ou a Camping.care estejam sujeitos, ou para violar direitos de terceiros.<\/li>\n<li>A Camping.care pro\u00edbe que os Servi\u00e7os sejam usados para publicar ou disseminar Materiais (sejam eles l\u00edcitos ou n\u00e3o) que:<\/li>\n<\/ol>\n<ul>\n<li>s\u00e3o evidentemente destinados a dar suporte a terceiros para violar direitos de terceiros, como sites que cont\u00eam (exclusiva ou predominantemente) ferramentas de hacking ou explica\u00e7\u00f5es sobre crimes cibern\u00e9ticos que s\u00e3o evidentemente destinados a permitir que o leitor execute as atividades criminosas descritas (e n\u00e3o para se defender delas);<\/li>\n<li>sejam evidentemente difamat\u00f3rias, caluniosas, abusivas, racistas, discriminat\u00f3rias ou que incitem ao \u00f3dio;<\/li>\n<li>contenham pornografia infantil ou pornografia bestial ou tenham a inten\u00e7\u00e3o evidente de ajudar outras pessoas a encontrar tais materiais;<\/li>\n<li>constitui viola\u00e7\u00e3o da privacidade de terceiros, o que inclui tamb\u00e9m a divulga\u00e7\u00e3o de dados pessoais de terceiros sem qualquer autoriza\u00e7\u00e3o ou necessidade e a abordagem de terceiros com comunica\u00e7\u00e3o n\u00e3o solicitada;<\/li>\n<li>conter hiperlinks, torrents ou refer\u00eancias a (locais que contenham) materiais que evidentemente infrinjam direitos autorais, direitos conexos ou direitos de imagem;<\/li>\n<li>conter comunica\u00e7\u00e3o comercial, beneficente ou idealista n\u00e3o solicitada;<\/li>\n<li>conter malware, como v\u00edrus ou spyware.<\/li>\n<\/ul>\n<ol>\n<li>A divulga\u00e7\u00e3o de Materiais pornogr\u00e1ficos usando os Servi\u00e7os \u00e9 proibida.<\/li>\n<li>O Cliente deve se abster de atrapalhar outros clientes e usu\u00e1rios da internet ou prejudicar os sistemas ou redes da Camping.care ou de outros clientes. O Cliente est\u00e1 proibido de executar processos ou programas, seja ou n\u00e3o por meio dos sistemas da Camping.care, dos quais o Cliente sabe ou deveria saber razoavelmente que estes podem causar danos ou impedimentos \u00e0 Camping.care, seus clientes ou usu\u00e1rios da internet.<\/li>\n<li>Se, de acordo com a Camping.care, surgirem impedimentos, danos ou outros perigos ao funcionamento dos sistemas ou redes da Camping.care ou de terceiros e\/ou \u00e0 presta\u00e7\u00e3o de servi\u00e7os pela internet, a Camping.care ter\u00e1 o direito de tomar todas as medidas que razoavelmente considerar necess\u00e1rias para afastar ou prevenir tal perigo. Mais especificamente, tal perigo pode existir de transmiss\u00e3o excessiva de e-mails ou outros dados, ataques de nega\u00e7\u00e3o de servi\u00e7o, sistemas mal protegidos ou atividades de v\u00edrus, cavalos de Troia ou software similar. A Camping.care pode recuperar os custos razoavelmente associados a essas medidas do Cliente, se o Cliente puder ser reprovado pela causa.<\/li>\n<li>Se a Camping.care receber uma reclama\u00e7\u00e3o sobre viola\u00e7\u00e3o deste Artigo pelo Cliente, ou se a Camping.care estabelecer que h\u00e1 tal viola\u00e7\u00e3o, a Camping.care dever\u00e1 notificar o Cliente sobre tal reclama\u00e7\u00e3o ou viola\u00e7\u00e3o o mais breve poss\u00edvel. O Cliente dever\u00e1 responder o mais breve poss\u00edvel, ap\u00f3s o que a Camping.care dever\u00e1 decidir como lidar com isso. Em casos excepcionais, onde o reclamante solicitou n\u00e3o encaminhar a reclama\u00e7\u00e3o ao Cliente ou a Camping.care estabeleceu que a viola\u00e7\u00e3o \u00e9 evidente, a Camping.care n\u00e3o \u00e9 obrigada a encaminhar a reclama\u00e7\u00e3o.<\/li>\n<li>Se a Camping.care estabelecer que h\u00e1 uma viola\u00e7\u00e3o, ela bloquear\u00e1 o acesso ao(s) Material(ais) em quest\u00e3o, sem remover o(s) Material(ais) definitivamente (se isso se provar tecnicamente imposs\u00edvel, a Camping.care criar\u00e1 um backup). A Camping.care far\u00e1 esfor\u00e7os para n\u00e3o afetar outros Materiais nesse processo. A Camping.care notificar\u00e1 o Cliente sobre as medidas tomadas o mais r\u00e1pido poss\u00edvel.<\/li>\n<li>A Camping.care ter\u00e1 o direito de relatar, a qualquer momento, quaisquer atividades ilegais detectadas.<\/li>\n<li>Embora a Camping.care aspire agir da forma mais razo\u00e1vel, cuidadosa e adequada ap\u00f3s reclama\u00e7\u00f5es sobre o Cliente, a Camping.care nunca ser\u00e1 obrigada a compensar quaisquer danos resultantes das medidas tomadas no contexto deste Artigo.<\/li>\n<li>O Cliente tem permiss\u00e3o para revender os Servi\u00e7os, mas somente em conjunto com ou como parte de seus pr\u00f3prios produtos ou servi\u00e7os, sem revelar o nome da Camping.care como fornecedora ou subcontratada. O Cliente dever\u00e1 indenizar a Camping.care de quaisquer reivindica\u00e7\u00f5es dos clientes do Cliente. A Camping.care tamb\u00e9m tem o direito de tomar medidas no contexto deste Artigo por viola\u00e7\u00f5es destes Termos e Condi\u00e7\u00f5es Gerais pelos pr\u00f3prios clientes do Cliente.<\/li>\n<\/ol>","protected":false},"excerpt":{"rendered":"<p>O Cliente est\u00e1 proibido de usar os Servi\u00e7os para violar regulamenta\u00e7\u00f5es holandesas ou outras \u00e0s quais o Cliente ou a Camping.care estejam sujeitos, ou para violar direitos de terceiros. A Camping.care pro\u00edbe que os Servi\u00e7os sejam usados para publicar ou disseminar Materiais (sejam eles legais ou n\u00e3o) que: sejam evidentemente destinados a apoiar terceiros a violar direitos de\u2026 <a class=\"more-link\" href=\"https:\/\/www.camping.care\/pt\/terms-and-conditions\/\">Continuar lendo <span class=\"screen-reader-text\">Termos e Condi\u00e7\u00f5es<\/span><\/a><\/p>","protected":false},"author":1,"featured_media":0,"parent":0,"menu_order":0,"comment_status":"closed","ping_status":"closed","template":"general_page.php","meta":{"_acf_changed":false,"inline_featured_image":false,"footnotes":""},"class_list":["post-752","page","type-page","status-publish","hentry","entry"],"acf":[],"yoast_head":"<!-- This site is optimized with the Yoast SEO plugin v27.3 - https:\/\/yoast.com\/product\/yoast-seo-wordpress\/ -->\n<title>Terms and Conditions - Camping.care<\/title>\n<meta name=\"robots\" content=\"index, follow, max-snippet:-1, max-image-preview:large, max-video-preview:-1\" \/>\n<link rel=\"canonical\" href=\"https:\/\/www.camping.care\/pt\/termos-e-condicoes\/\" \/>\n<meta property=\"og:locale\" content=\"pt_PT\" \/>\n<meta property=\"og:type\" content=\"article\" \/>\n<meta property=\"og:title\" content=\"Terms and Conditions - Camping.care\" \/>\n<meta property=\"og:description\" content=\"Customer is prohibited to use the Services to violate Dutch or other regulation that Customer or Camping.care is subject to, or to violate rights of others. Camping.care prohibits that the Services are used to publish or disseminate Materials (whether they are lawful or not) that: are evidently intended to support others to violate rights of&hellip; Continue reading Terms and Conditions\" \/>\n<meta property=\"og:url\" content=\"https:\/\/www.camping.care\/pt\/termos-e-condicoes\/\" \/>\n<meta property=\"og:site_name\" content=\"Camping.care\" \/>\n<meta property=\"article:modified_time\" content=\"2025-10-03T10:25:45+00:00\" \/>\n<meta name=\"twitter:card\" content=\"summary_large_image\" \/>\n<meta name=\"twitter:label1\" content=\"Tempo estimado de leitura\" \/>\n\t<meta name=\"twitter:data1\" content=\"3 minutos\" \/>\n<script type=\"application\/ld+json\" class=\"yoast-schema-graph\">{\"@context\":\"https:\\\/\\\/schema.org\",\"@graph\":[{\"@type\":\"WebPage\",\"@id\":\"https:\\\/\\\/www.camping.care\\\/nl\\\/algemene-voorwaarden\\\/\",\"url\":\"https:\\\/\\\/www.camping.care\\\/nl\\\/algemene-voorwaarden\\\/\",\"name\":\"Terms and Conditions - Camping.care\",\"isPartOf\":{\"@id\":\"https:\\\/\\\/www.camping.care\\\/en\\\/#website\"},\"datePublished\":\"2024-08-13T11:08:51+00:00\",\"dateModified\":\"2025-10-03T10:25:45+00:00\",\"breadcrumb\":{\"@id\":\"https:\\\/\\\/www.camping.care\\\/nl\\\/algemene-voorwaarden\\\/#breadcrumb\"},\"inLanguage\":\"pt-PT\",\"potentialAction\":[{\"@type\":\"ReadAction\",\"target\":[\"https:\\\/\\\/www.camping.care\\\/nl\\\/algemene-voorwaarden\\\/\"]}]},{\"@type\":\"BreadcrumbList\",\"@id\":\"https:\\\/\\\/www.camping.care\\\/nl\\\/algemene-voorwaarden\\\/#breadcrumb\",\"itemListElement\":[{\"@type\":\"ListItem\",\"position\":1,\"name\":\"Home\",\"item\":\"https:\\\/\\\/www.camping.care\\\/\"},{\"@type\":\"ListItem\",\"position\":2,\"name\":\"Terms and Conditions\"}]},{\"@type\":\"WebSite\",\"@id\":\"https:\\\/\\\/www.camping.care\\\/en\\\/#website\",\"url\":\"https:\\\/\\\/www.camping.care\\\/en\\\/\",\"name\":\"Camping.care\",\"description\":\"\",\"potentialAction\":[{\"@type\":\"SearchAction\",\"target\":{\"@type\":\"EntryPoint\",\"urlTemplate\":\"https:\\\/\\\/www.camping.care\\\/en\\\/?s={search_term_string}\"},\"query-input\":{\"@type\":\"PropertyValueSpecification\",\"valueRequired\":true,\"valueName\":\"search_term_string\"}}],\"inLanguage\":\"pt-PT\"}]}<\/script>\n<!-- \/ Yoast SEO plugin. -->","yoast_head_json":{"title":"Termos e Condi\u00e7\u00f5es - Camping.care","robots":{"index":"index","follow":"follow","max-snippet":"max-snippet:-1","max-image-preview":"max-image-preview:large","max-video-preview":"max-video-preview:-1"},"canonical":"https:\/\/www.camping.care\/pt\/termos-e-condicoes\/","og_locale":"pt_PT","og_type":"article","og_title":"Terms and Conditions - Camping.care","og_description":"Customer is prohibited to use the Services to violate Dutch or other regulation that Customer or Camping.care is subject to, or to violate rights of others. Camping.care prohibits that the Services are used to publish or disseminate Materials (whether they are lawful or not) that: are evidently intended to support others to violate rights of&hellip; Continue reading Terms and Conditions","og_url":"https:\/\/www.camping.care\/pt\/termos-e-condicoes\/","og_site_name":"Camping.care","article_modified_time":"2025-10-03T10:25:45+00:00","twitter_card":"summary_large_image","twitter_misc":{"Tempo estimado de leitura":"3 minutos"},"schema":{"@context":"https:\/\/schema.org","@graph":[{"@type":"WebPage","@id":"https:\/\/www.camping.care\/nl\/algemene-voorwaarden\/","url":"https:\/\/www.camping.care\/nl\/algemene-voorwaarden\/","name":"Termos e Condi\u00e7\u00f5es - Camping.care","isPartOf":{"@id":"https:\/\/www.camping.care\/en\/#website"},"datePublished":"2024-08-13T11:08:51+00:00","dateModified":"2025-10-03T10:25:45+00:00","breadcrumb":{"@id":"https:\/\/www.camping.care\/nl\/algemene-voorwaarden\/#breadcrumb"},"inLanguage":"pt-PT","potentialAction":[{"@type":"ReadAction","target":["https:\/\/www.camping.care\/nl\/algemene-voorwaarden\/"]}]},{"@type":"BreadcrumbList","@id":"https:\/\/www.camping.care\/nl\/algemene-voorwaarden\/#breadcrumb","itemListElement":[{"@type":"ListItem","position":1,"name":"Home","item":"https:\/\/www.camping.care\/"},{"@type":"ListItem","position":2,"name":"Terms and Conditions"}]},{"@type":"WebSite","@id":"https:\/\/www.camping.care\/en\/#website","url":"https:\/\/www.camping.care\/en\/","name":"Camping.care","description":"","potentialAction":[{"@type":"SearchAction","target":{"@type":"EntryPoint","urlTemplate":"https:\/\/www.camping.care\/en\/?s={search_term_string}"},"query-input":{"@type":"PropertyValueSpecification","valueRequired":true,"valueName":"search_term_string"}}],"inLanguage":"pt-PT"}]}},"_links":{"self":[{"href":"https:\/\/www.camping.care\/pt\/wp-json\/wp\/v2\/pages\/752","targetHints":{"allow":["GET"]}}],"collection":[{"href":"https:\/\/www.camping.care\/pt\/wp-json\/wp\/v2\/pages"}],"about":[{"href":"https:\/\/www.camping.care\/pt\/wp-json\/wp\/v2\/types\/page"}],"author":[{"embeddable":true,"href":"https:\/\/www.camping.care\/pt\/wp-json\/wp\/v2\/users\/1"}],"replies":[{"embeddable":true,"href":"https:\/\/www.camping.care\/pt\/wp-json\/wp\/v2\/comments?post=752"}],"version-history":[{"count":18,"href":"https:\/\/www.camping.care\/pt\/wp-json\/wp\/v2\/pages\/752\/revisions"}],"predecessor-version":[{"id":74553,"href":"https:\/\/www.camping.care\/pt\/wp-json\/wp\/v2\/pages\/752\/revisions\/74553"}],"wp:attachment":[{"href":"https:\/\/www.camping.care\/pt\/wp-json\/wp\/v2\/media?parent=752"}],"curies":[{"name":"wp","href":"https:\/\/api.w.org\/{rel}","templated":true}]}}