{"id":752,"date":"2024-08-13T11:08:51","date_gmt":"2024-08-13T11:08:51","guid":{"rendered":"https:\/\/www.camping.care\/?page_id=752"},"modified":"2025-10-03T10:25:45","modified_gmt":"2025-10-03T10:25:45","slug":"odredbe-i-uvjeti","status":"publish","type":"page","link":"https:\/\/www.camping.care\/hr\/terms-and-conditions\/","title":{"rendered":"Odredbe i uvjeti"},"content":{"rendered":"<ol>\n<li>Korisniku je zabranjeno koristiti Usluge za kr\u0161enje nizozemskih ili drugih propisa kojima podlije\u017eu Korisnik ili Camping.care ili za kr\u0161enje prava drugih.<\/li>\n<li>Camping.care zabranjuje da se usluge koriste za objavljivanje ili \u0161irenje materijala (bez obzira jesu li zakoniti ili ne) koji:<\/li>\n<\/ol>\n<ul>\n<li>o\u010dito su namijenjeni podr\u017eati druge u kr\u0161enju prava tre\u0107ih strana, kao \u0161to je web stranica koja sadr\u017ei (isklju\u010divo ili prete\u017eno) alate za hakiranje ili obja\u0161njenja kiberneti\u010dkih zlo\u010dina \u010dija je o\u010dita namjera omogu\u0107iti \u010ditatelju da izvr\u0161i opisane kriminalne aktivnosti (a ne da se brani od takvih );<\/li>\n<li>su o\u010dito klevetni\u010dki, klevetni\u010dki, uvredljivi, rasisti\u010dki, diskriminiraju\u0107i ili poti\u010du na mr\u017enju;<\/li>\n<li>sadr\u017ee dje\u010dju pornografiju ili bestijalnu pornografiju ili su o\u010dito namijenjeni pomo\u0107i drugima u pronala\u017eenju takvih materijala;<\/li>\n<li>predstavljaju povredu privatnosti tre\u0107ih osoba, \u0161to uklju\u010duje i \u0161irenje osobnih podataka tre\u0107ih osoba bez ikakvog dopu\u0161tenja ili potrebe te pribli\u017eavanje tre\u0107ih osoba ne\u017eeljenom komunikacijom;<\/li>\n<li>sadr\u017eavati hiperveze, torrente ili reference na (mjesta koja sadr\u017ee) materijale koji o\u010dito kr\u0161e autorska prava, srodna prava ili prava na portrete;<\/li>\n<li>sadr\u017ee ne\u017eeljenu komercijalnu, dobrotvornu ili idealisti\u010dku komunikaciju;<\/li>\n<li>sadr\u017ee zlonamjerni softver poput virusa ili \u0161pijunskog softvera.<\/li>\n<\/ul>\n<ol>\n<li>Zabranjeno je \u0161irenje pornografskih materijala kori\u0161tenjem Usluga.<\/li>\n<li>Kupac \u0107e se suzdr\u017eati od ometanja drugih kupaca i korisnika interneta ili nano\u0161enja \u0161tete sustavima ili mre\u017eama Camping.care ili drugih korisnika. Kupcu je zabranjeno izvr\u0161avati procese ili programe, bilo putem sustava Camping.care ili ne, za koje Korisnik zna ili bi razumno trebao znati da mogu uzrokovati \u0161tetu ili smetnju Camping.care, njegovim klijentima ili korisnicima interneta.<\/li>\n<li>Ako prema Camping.care do\u0111e do smetnji, o\u0161te\u0107enja ili drugih opasnosti za funkcioniranje sustava ili mre\u017ea Camping.care ili tre\u0107ih strana i\/ili pru\u017eanja usluga putem interneta, Camping.care ima pravo poduzeti sve mjere koje razumno smatra potrebnima kako bi sprije\u010dio ili sprije\u010diti takvu opasnost. To\u010dnije, takva opasnost mo\u017ee postojati od pretjeranog prijenosa e-po\u0161te ili drugih podataka, napada uskra\u0107ivanja usluge, slabo osiguranih sustava ili aktivnosti virusa, trojanaca ili sli\u010dnog softvera. Camping.care mo\u017ee nadoknaditi tro\u0161kove razumno povezane s ovim mjerama od Kupca, ako se Kupcu mo\u017ee prigovoriti uzrok.<\/li>\n<li>Ako Camping.care primi pritu\u017ebu o kr\u0161enju ovog \u010dlanka od strane Korisnika, ili ako Camping.care utvrdi da postoji takva povreda, Camping.care \u0107e obavijestiti Korisnika o takvoj pritu\u017ebi ili povredi \u0161to je prije mogu\u0107e. Kupac \u0107e odgovoriti u najkra\u0107em mogu\u0107em roku, nakon \u010dega \u0107e Camping.care odlu\u010diti kako \u0107e to u\u010diniti. U iznimnim slu\u010dajevima, kada je podnositelj prigovora zatra\u017eio da se prigovor ne proslje\u0111uje Kupcu ili Camping.care utvrdi da je povreda evidentna, Camping.care nije du\u017ean proslijediti prigovor.<\/li>\n<li>Ako Camping.care utvrdi da postoji kr\u0161enje, blokirat \u0107e pristup materijalu(ima) o kojem se radi, bez definitivnog uklanjanja materijala(a) (ako se to poka\u017ee tehni\u010dki nemogu\u0107im, Camping.care \u0107e stvoriti sigurnosnu kopiju). Camping.care \u0107e se truditi da ne utje\u010de na druge materijale u tom procesu. Camping.care \u0107e u najkra\u0107em mogu\u0107em roku obavijestiti Kupca o poduzetim mjerama.<\/li>\n<li>Camping.care u svakom trenutku ima pravo prijaviti sve otkrivene nezakonite aktivnosti.<\/li>\n<li>Iako Camping.care nastoji djelovati na najrazumniji, pa\u017eljiviji i najadekvatniji na\u010din nakon pritu\u017ebi na Kupca, Camping.care nikada ne\u0107e biti du\u017ean nadoknaditi bilo kakvu \u0161tetu koja proizlazi iz mjera poduzetih u kontekstu ovog \u010dlanka.<\/li>\n<li>Korisniku je dopu\u0161teno preprodavati Usluge, ali samo u paketu ili kao dio vlastitih proizvoda ili usluga bez otkrivanja imena Camping.care kao dobavlja\u010da ili podizvo\u0111a\u010da. Kupac \u0107e obe\u0161tetiti Camping.care od bilo kakvih potra\u017eivanja Kup\u010devih kupaca. Camping.care tako\u0111er ima pravo poduzeti mjere u kontekstu ovog \u010dlanka u slu\u010daju kr\u0161enja ovih Op\u0107ih uvjeta od strane Kup\u010devih vlastitih kupaca.<\/li>\n<\/ol>","protected":false},"excerpt":{"rendered":"<p>Korisniku je zabranjeno koristiti Usluge za kr\u0161enje nizozemskih ili drugih propisa kojima podlije\u017eu Korisnik ili Camping.care ili za kr\u0161enje prava drugih. Camping.care zabranjuje da se Usluge koriste za objavljivanje ili \u0161irenje Materijala (bez obzira jesu li zakoniti ili ne) koji: su o\u010dito namijenjeni podr\u017eati druge da kr\u0161e prava... <a class=\"more-link\" href=\"https:\/\/www.camping.care\/hr\/terms-and-conditions\/\">Nastavite \u010ditati <span class=\"screen-reader-text\">Odredbe i uvjeti<\/span><\/a><\/p>","protected":false},"author":1,"featured_media":0,"parent":0,"menu_order":0,"comment_status":"closed","ping_status":"closed","template":"general_page.php","meta":{"_acf_changed":false,"inline_featured_image":false,"footnotes":""},"class_list":["post-752","page","type-page","status-publish","hentry","entry"],"acf":[],"yoast_head":"<!-- This site is optimized with the Yoast SEO plugin v27.4 - https:\/\/yoast.com\/product\/yoast-seo-wordpress\/ -->\n<title>Terms and Conditions - Camping.care<\/title>\n<meta name=\"robots\" content=\"index, follow, max-snippet:-1, max-image-preview:large, max-video-preview:-1\" \/>\n<link rel=\"canonical\" href=\"https:\/\/www.camping.care\/hr\/odredbe-i-uvjeti\/\" \/>\n<meta property=\"og:locale\" content=\"hr_HR\" \/>\n<meta property=\"og:type\" content=\"article\" \/>\n<meta property=\"og:title\" content=\"Terms and Conditions - Camping.care\" \/>\n<meta property=\"og:description\" content=\"Customer is prohibited to use the Services to violate Dutch or other regulation that Customer or Camping.care is subject to, or to violate rights of others. Camping.care prohibits that the Services are used to publish or disseminate Materials (whether they are lawful or not) that: are evidently intended to support others to violate rights of&hellip; Continue reading Terms and Conditions\" \/>\n<meta property=\"og:url\" content=\"https:\/\/www.camping.care\/hr\/odredbe-i-uvjeti\/\" \/>\n<meta property=\"og:site_name\" content=\"Camping.care\" \/>\n<meta property=\"article:modified_time\" content=\"2025-10-03T10:25:45+00:00\" \/>\n<meta name=\"twitter:card\" content=\"summary_large_image\" \/>\n<meta name=\"twitter:label1\" content=\"Procijenjeno vrijeme \u010ditanja\" \/>\n\t<meta name=\"twitter:data1\" content=\"3 minute\" \/>\n<script type=\"application\/ld+json\" class=\"yoast-schema-graph\">{\"@context\":\"https:\\\/\\\/schema.org\",\"@graph\":[{\"@type\":\"WebPage\",\"@id\":\"https:\\\/\\\/www.camping.care\\\/nl\\\/algemene-voorwaarden\\\/\",\"url\":\"https:\\\/\\\/www.camping.care\\\/nl\\\/algemene-voorwaarden\\\/\",\"name\":\"Terms and Conditions - Camping.care\",\"isPartOf\":{\"@id\":\"https:\\\/\\\/www.camping.care\\\/en\\\/#website\"},\"datePublished\":\"2024-08-13T11:08:51+00:00\",\"dateModified\":\"2025-10-03T10:25:45+00:00\",\"breadcrumb\":{\"@id\":\"https:\\\/\\\/www.camping.care\\\/nl\\\/algemene-voorwaarden\\\/#breadcrumb\"},\"inLanguage\":\"hr\",\"potentialAction\":[{\"@type\":\"ReadAction\",\"target\":[\"https:\\\/\\\/www.camping.care\\\/nl\\\/algemene-voorwaarden\\\/\"]}]},{\"@type\":\"BreadcrumbList\",\"@id\":\"https:\\\/\\\/www.camping.care\\\/nl\\\/algemene-voorwaarden\\\/#breadcrumb\",\"itemListElement\":[{\"@type\":\"ListItem\",\"position\":1,\"name\":\"Home\",\"item\":\"https:\\\/\\\/www.camping.care\\\/\"},{\"@type\":\"ListItem\",\"position\":2,\"name\":\"Terms and Conditions\"}]},{\"@type\":\"WebSite\",\"@id\":\"https:\\\/\\\/www.camping.care\\\/en\\\/#website\",\"url\":\"https:\\\/\\\/www.camping.care\\\/en\\\/\",\"name\":\"Camping.care\",\"description\":\"\",\"potentialAction\":[{\"@type\":\"SearchAction\",\"target\":{\"@type\":\"EntryPoint\",\"urlTemplate\":\"https:\\\/\\\/www.camping.care\\\/en\\\/?s={search_term_string}\"},\"query-input\":{\"@type\":\"PropertyValueSpecification\",\"valueRequired\":true,\"valueName\":\"search_term_string\"}}],\"inLanguage\":\"hr\"}]}<\/script>\n<!-- \/ Yoast SEO plugin. -->","yoast_head_json":{"title":"Uvjeti i odredbe - Camping.care","robots":{"index":"index","follow":"follow","max-snippet":"max-snippet:-1","max-image-preview":"max-image-preview:large","max-video-preview":"max-video-preview:-1"},"canonical":"https:\/\/www.camping.care\/hr\/odredbe-i-uvjeti\/","og_locale":"hr_HR","og_type":"article","og_title":"Terms and Conditions - Camping.care","og_description":"Customer is prohibited to use the Services to violate Dutch or other regulation that Customer or Camping.care is subject to, or to violate rights of others. Camping.care prohibits that the Services are used to publish or disseminate Materials (whether they are lawful or not) that: are evidently intended to support others to violate rights of&hellip; Continue reading Terms and Conditions","og_url":"https:\/\/www.camping.care\/hr\/odredbe-i-uvjeti\/","og_site_name":"Camping.care","article_modified_time":"2025-10-03T10:25:45+00:00","twitter_card":"summary_large_image","twitter_misc":{"Procijenjeno vrijeme \u010ditanja":"3 minute"},"schema":{"@context":"https:\/\/schema.org","@graph":[{"@type":"WebPage","@id":"https:\/\/www.camping.care\/nl\/algemene-voorwaarden\/","url":"https:\/\/www.camping.care\/nl\/algemene-voorwaarden\/","name":"Uvjeti i odredbe - Camping.care","isPartOf":{"@id":"https:\/\/www.camping.care\/en\/#website"},"datePublished":"2024-08-13T11:08:51+00:00","dateModified":"2025-10-03T10:25:45+00:00","breadcrumb":{"@id":"https:\/\/www.camping.care\/nl\/algemene-voorwaarden\/#breadcrumb"},"inLanguage":"hr","potentialAction":[{"@type":"ReadAction","target":["https:\/\/www.camping.care\/nl\/algemene-voorwaarden\/"]}]},{"@type":"BreadcrumbList","@id":"https:\/\/www.camping.care\/nl\/algemene-voorwaarden\/#breadcrumb","itemListElement":[{"@type":"ListItem","position":1,"name":"Home","item":"https:\/\/www.camping.care\/"},{"@type":"ListItem","position":2,"name":"Terms and Conditions"}]},{"@type":"WebSite","@id":"https:\/\/www.camping.care\/en\/#website","url":"https:\/\/www.camping.care\/en\/","name":"Camping.care","description":"","potentialAction":[{"@type":"SearchAction","target":{"@type":"EntryPoint","urlTemplate":"https:\/\/www.camping.care\/en\/?s={search_term_string}"},"query-input":{"@type":"PropertyValueSpecification","valueRequired":true,"valueName":"search_term_string"}}],"inLanguage":"hr"}]}},"_links":{"self":[{"href":"https:\/\/www.camping.care\/hr\/wp-json\/wp\/v2\/pages\/752","targetHints":{"allow":["GET"]}}],"collection":[{"href":"https:\/\/www.camping.care\/hr\/wp-json\/wp\/v2\/pages"}],"about":[{"href":"https:\/\/www.camping.care\/hr\/wp-json\/wp\/v2\/types\/page"}],"author":[{"embeddable":true,"href":"https:\/\/www.camping.care\/hr\/wp-json\/wp\/v2\/users\/1"}],"replies":[{"embeddable":true,"href":"https:\/\/www.camping.care\/hr\/wp-json\/wp\/v2\/comments?post=752"}],"version-history":[{"count":18,"href":"https:\/\/www.camping.care\/hr\/wp-json\/wp\/v2\/pages\/752\/revisions"}],"predecessor-version":[{"id":74553,"href":"https:\/\/www.camping.care\/hr\/wp-json\/wp\/v2\/pages\/752\/revisions\/74553"}],"wp:attachment":[{"href":"https:\/\/www.camping.care\/hr\/wp-json\/wp\/v2\/media?parent=752"}],"curies":[{"name":"wp","href":"https:\/\/api.w.org\/{rel}","templated":true}]}}