{"id":752,"date":"2024-08-13T11:08:51","date_gmt":"2024-08-13T11:08:51","guid":{"rendered":"https:\/\/www.camping.care\/?page_id=752"},"modified":"2025-10-03T10:25:45","modified_gmt":"2025-10-03T10:25:45","slug":"termes-et-conditions","status":"publish","type":"page","link":"https:\/\/www.camping.care\/fr\/terms-and-conditions\/","title":{"rendered":"Termes et conditions"},"content":{"rendered":"<ol>\n<li>Il est interdit au Client d&#039;utiliser les Services pour violer la r\u00e9glementation n\u00e9erlandaise ou autre \u00e0 laquelle le Client ou Camping.care est soumis, ou pour violer les droits d&#039;autrui.<\/li>\n<li>Camping.care interdit que les Services soient utilis\u00e9s pour publier ou diffuser des Contenus (qu&#039;ils soient l\u00e9gaux ou non) qui :<\/li>\n<\/ol>\n<ul>\n<li>sont manifestement destin\u00e9s \u00e0 aider d\u2019autres personnes \u00e0 violer les droits de tiers, comme les sites Web contenant (exclusivement ou principalement) des outils de piratage informatique ou des explications sur la cybercriminalit\u00e9 qui sont manifestement destin\u00e9s \u00e0 permettre au lecteur d\u2019ex\u00e9cuter les activit\u00e9s criminelles d\u00e9crites (et non \u00e0 se d\u00e9fendre contre celles-ci) ;<\/li>\n<li>sont manifestement diffamatoires, calomnieux, injurieux, racistes, discriminatoires ou incitant \u00e0 la haine ;<\/li>\n<li>contiennent de la pornographie juv\u00e9nile ou de la pornographie bestiale ou sont manifestement destin\u00e9s \u00e0 aider d\u2019autres personnes \u00e0 trouver de tels documents\u00a0;<\/li>\n<li>constituer une violation de la vie priv\u00e9e de tiers, ce qui inclut \u00e9galement la diffusion de donn\u00e9es personnelles de tiers sans aucune autorisation ou n\u00e9cessit\u00e9 et l&#039;approche de tiers avec des communications non sollicit\u00e9es ;<\/li>\n<li>contenir des hyperliens, des torrents ou des r\u00e9f\u00e9rences \u00e0 (des endroits contenant) des \u00e9l\u00e9ments qui enfreignent manifestement les droits d&#039;auteur, les droits voisins ou les droits \u00e0 l&#039;image ;<\/li>\n<li>contenir des communications commerciales, caritatives ou id\u00e9alistes non sollicit\u00e9es ;<\/li>\n<li>contenir des logiciels malveillants tels que des virus ou des logiciels espions.<\/li>\n<\/ul>\n<ol>\n<li>La diffusion de mat\u00e9riel pornographique via les Services est interdite.<\/li>\n<li>Le Client s&#039;abstient de g\u00eaner les autres clients et les utilisateurs d&#039;Internet ou de nuire aux syst\u00e8mes ou aux r\u00e9seaux de Camping.care ou d&#039;autres clients. Il est interdit au Client d&#039;ex\u00e9cuter des processus ou des programmes, que ce soit ou non via les syst\u00e8mes de Camping.care, dont il sait ou devrait raisonnablement savoir qu&#039;ils peuvent causer des dommages ou des entraves \u00e0 Camping.care, \u00e0 ses clients ou aux utilisateurs d&#039;Internet.<\/li>\n<li>Si, de l&#039;avis de Camping.care, des entraves, des dommages ou d&#039;autres dangers surviennent dans le fonctionnement des syst\u00e8mes ou des r\u00e9seaux de Camping.care ou de tiers et\/ou dans la fourniture de services via Internet, Camping.care est en droit de prendre toutes les mesures qu&#039;elle juge raisonnablement n\u00e9cessaires pour parer ou pr\u00e9venir un tel danger. Il peut s&#039;agir notamment d&#039;une transmission excessive de courriers \u00e9lectroniques ou d&#039;autres donn\u00e9es, d&#039;attaques par d\u00e9ni de service, de syst\u00e8mes mal s\u00e9curis\u00e9s ou d&#039;activit\u00e9s de virus, de chevaux de Troie ou de logiciels similaires. Camping.care peut r\u00e9cup\u00e9rer aupr\u00e8s du client les co\u00fbts raisonnablement associ\u00e9s \u00e0 ces mesures, si la cause peut lui \u00eatre imput\u00e9e.<\/li>\n<li>Si Camping.care re\u00e7oit une plainte concernant une violation du pr\u00e9sent article par le Client, ou si Camping.care \u00e9tablit qu&#039;une telle violation existe, Camping.care doit en informer le Client d\u00e8s que possible. Le Client doit r\u00e9pondre d\u00e8s que possible, apr\u00e8s quoi Camping.care d\u00e9cide de la mani\u00e8re de traiter la plainte. Dans des cas exceptionnels, lorsque le plaignant a demand\u00e9 \u00e0 ne pas transmettre la plainte au Client ou que Camping.care a \u00e9tabli que la violation est \u00e9vidente, Camping.care n&#039;est pas oblig\u00e9e de transmettre la plainte.<\/li>\n<li>Si Camping.care constate une violation, elle bloquera l&#039;acc\u00e8s au(x) Mat\u00e9riel(s) concern\u00e9(s), sans pour autant supprimer d\u00e9finitivement le(s) Mat\u00e9riel(s) (si cela s&#039;av\u00e8re techniquement impossible, Camping.care cr\u00e9era une sauvegarde). Camping.care s&#039;efforcera de ne pas affecter d&#039;autres Mat\u00e9riels dans ce processus. Camping.care informera le Client des mesures prises dans les plus brefs d\u00e9lais.<\/li>\n<li>Camping.care est en droit de signaler \u00e0 tout moment toute activit\u00e9 ill\u00e9gale d\u00e9tect\u00e9e.<\/li>\n<li>Bien que Camping.care s&#039;efforce d&#039;agir de la mani\u00e8re la plus raisonnable, prudente et ad\u00e9quate apr\u00e8s les r\u00e9clamations du Client, Camping.care ne sera jamais tenue d&#039;indemniser les dommages r\u00e9sultant des mesures prises dans le cadre du pr\u00e9sent article.<\/li>\n<li>Le Client est autoris\u00e9 \u00e0 revendre les Services, mais uniquement en les regroupant ou en les int\u00e9grant \u00e0 ses propres produits ou services, sans divulguer le nom de Camping.care en tant que fournisseur ou sous-traitant. Le Client doit indemniser Camping.care de toute r\u00e9clamation de ses clients. Camping.care est \u00e9galement en droit de prendre des mesures dans le cadre du pr\u00e9sent article en cas de violation des pr\u00e9sentes Conditions g\u00e9n\u00e9rales par ses propres clients.<\/li>\n<\/ol>","protected":false},"excerpt":{"rendered":"<p>Il est interdit au Client d&#039;utiliser les Services pour violer la r\u00e9glementation n\u00e9erlandaise ou autre \u00e0 laquelle le Client ou Camping.care est soumis, ou pour violer les droits d&#039;autrui. Camping.care interdit que les Services soient utilis\u00e9s pour publier ou diffuser des Documents (qu&#039;ils soient l\u00e9gaux ou non) qui : sont manifestement destin\u00e9s \u00e0 aider d&#039;autres personnes \u00e0 violer les droits d&#039;autrui\u2026 <a class=\"more-link\" href=\"https:\/\/www.camping.care\/fr\/terms-and-conditions\/\">Continuer la lecture <span class=\"screen-reader-text\">Termes et conditions<\/span><\/a><\/p>","protected":false},"author":1,"featured_media":0,"parent":0,"menu_order":0,"comment_status":"closed","ping_status":"closed","template":"general_page.php","meta":{"_acf_changed":false,"inline_featured_image":false,"footnotes":""},"class_list":["post-752","page","type-page","status-publish","hentry","entry"],"acf":[],"yoast_head":"<!-- This site is optimized with the Yoast SEO plugin v27.3 - https:\/\/yoast.com\/product\/yoast-seo-wordpress\/ -->\n<title>Terms and Conditions - Camping.care<\/title>\n<meta name=\"robots\" content=\"index, follow, max-snippet:-1, max-image-preview:large, max-video-preview:-1\" \/>\n<link rel=\"canonical\" href=\"https:\/\/www.camping.care\/fr\/termes-et-conditions\/\" \/>\n<meta property=\"og:locale\" content=\"fr_FR\" \/>\n<meta property=\"og:type\" content=\"article\" \/>\n<meta property=\"og:title\" content=\"Terms and Conditions - Camping.care\" \/>\n<meta property=\"og:description\" content=\"Customer is prohibited to use the Services to violate Dutch or other regulation that Customer or Camping.care is subject to, or to violate rights of others. Camping.care prohibits that the Services are used to publish or disseminate Materials (whether they are lawful or not) that: are evidently intended to support others to violate rights of&hellip; Continue reading Terms and Conditions\" \/>\n<meta property=\"og:url\" content=\"https:\/\/www.camping.care\/fr\/termes-et-conditions\/\" \/>\n<meta property=\"og:site_name\" content=\"Camping.care\" \/>\n<meta property=\"article:modified_time\" content=\"2025-10-03T10:25:45+00:00\" \/>\n<meta name=\"twitter:card\" content=\"summary_large_image\" \/>\n<meta name=\"twitter:label1\" content=\"Dur\u00e9e de lecture estim\u00e9e\" \/>\n\t<meta name=\"twitter:data1\" content=\"3 minutes\" \/>\n<script type=\"application\/ld+json\" class=\"yoast-schema-graph\">{\"@context\":\"https:\\\/\\\/schema.org\",\"@graph\":[{\"@type\":\"WebPage\",\"@id\":\"https:\\\/\\\/www.camping.care\\\/nl\\\/algemene-voorwaarden\\\/\",\"url\":\"https:\\\/\\\/www.camping.care\\\/nl\\\/algemene-voorwaarden\\\/\",\"name\":\"Terms and Conditions - Camping.care\",\"isPartOf\":{\"@id\":\"https:\\\/\\\/www.camping.care\\\/en\\\/#website\"},\"datePublished\":\"2024-08-13T11:08:51+00:00\",\"dateModified\":\"2025-10-03T10:25:45+00:00\",\"breadcrumb\":{\"@id\":\"https:\\\/\\\/www.camping.care\\\/nl\\\/algemene-voorwaarden\\\/#breadcrumb\"},\"inLanguage\":\"fr-FR\",\"potentialAction\":[{\"@type\":\"ReadAction\",\"target\":[\"https:\\\/\\\/www.camping.care\\\/nl\\\/algemene-voorwaarden\\\/\"]}]},{\"@type\":\"BreadcrumbList\",\"@id\":\"https:\\\/\\\/www.camping.care\\\/nl\\\/algemene-voorwaarden\\\/#breadcrumb\",\"itemListElement\":[{\"@type\":\"ListItem\",\"position\":1,\"name\":\"Home\",\"item\":\"https:\\\/\\\/www.camping.care\\\/\"},{\"@type\":\"ListItem\",\"position\":2,\"name\":\"Terms and Conditions\"}]},{\"@type\":\"WebSite\",\"@id\":\"https:\\\/\\\/www.camping.care\\\/en\\\/#website\",\"url\":\"https:\\\/\\\/www.camping.care\\\/en\\\/\",\"name\":\"Camping.care\",\"description\":\"\",\"potentialAction\":[{\"@type\":\"SearchAction\",\"target\":{\"@type\":\"EntryPoint\",\"urlTemplate\":\"https:\\\/\\\/www.camping.care\\\/en\\\/?s={search_term_string}\"},\"query-input\":{\"@type\":\"PropertyValueSpecification\",\"valueRequired\":true,\"valueName\":\"search_term_string\"}}],\"inLanguage\":\"fr-FR\"}]}<\/script>\n<!-- \/ Yoast SEO plugin. -->","yoast_head_json":{"title":"Conditions g\u00e9n\u00e9rales - Camping.care","robots":{"index":"index","follow":"follow","max-snippet":"max-snippet:-1","max-image-preview":"max-image-preview:large","max-video-preview":"max-video-preview:-1"},"canonical":"https:\/\/www.camping.care\/fr\/termes-et-conditions\/","og_locale":"fr_FR","og_type":"article","og_title":"Terms and Conditions - Camping.care","og_description":"Customer is prohibited to use the Services to violate Dutch or other regulation that Customer or Camping.care is subject to, or to violate rights of others. Camping.care prohibits that the Services are used to publish or disseminate Materials (whether they are lawful or not) that: are evidently intended to support others to violate rights of&hellip; Continue reading Terms and Conditions","og_url":"https:\/\/www.camping.care\/fr\/termes-et-conditions\/","og_site_name":"Camping.care","article_modified_time":"2025-10-03T10:25:45+00:00","twitter_card":"summary_large_image","twitter_misc":{"Dur\u00e9e de lecture estim\u00e9e":"3 minutes"},"schema":{"@context":"https:\/\/schema.org","@graph":[{"@type":"WebPage","@id":"https:\/\/www.camping.care\/nl\/algemene-voorwaarden\/","url":"https:\/\/www.camping.care\/nl\/algemene-voorwaarden\/","name":"Conditions g\u00e9n\u00e9rales - Camping.care","isPartOf":{"@id":"https:\/\/www.camping.care\/en\/#website"},"datePublished":"2024-08-13T11:08:51+00:00","dateModified":"2025-10-03T10:25:45+00:00","breadcrumb":{"@id":"https:\/\/www.camping.care\/nl\/algemene-voorwaarden\/#breadcrumb"},"inLanguage":"fr-FR","potentialAction":[{"@type":"ReadAction","target":["https:\/\/www.camping.care\/nl\/algemene-voorwaarden\/"]}]},{"@type":"BreadcrumbList","@id":"https:\/\/www.camping.care\/nl\/algemene-voorwaarden\/#breadcrumb","itemListElement":[{"@type":"ListItem","position":1,"name":"Home","item":"https:\/\/www.camping.care\/"},{"@type":"ListItem","position":2,"name":"Terms and Conditions"}]},{"@type":"WebSite","@id":"https:\/\/www.camping.care\/en\/#website","url":"https:\/\/www.camping.care\/en\/","name":"Camping.care","description":"","potentialAction":[{"@type":"SearchAction","target":{"@type":"EntryPoint","urlTemplate":"https:\/\/www.camping.care\/en\/?s={search_term_string}"},"query-input":{"@type":"PropertyValueSpecification","valueRequired":true,"valueName":"search_term_string"}}],"inLanguage":"fr-FR"}]}},"_links":{"self":[{"href":"https:\/\/www.camping.care\/fr\/wp-json\/wp\/v2\/pages\/752","targetHints":{"allow":["GET"]}}],"collection":[{"href":"https:\/\/www.camping.care\/fr\/wp-json\/wp\/v2\/pages"}],"about":[{"href":"https:\/\/www.camping.care\/fr\/wp-json\/wp\/v2\/types\/page"}],"author":[{"embeddable":true,"href":"https:\/\/www.camping.care\/fr\/wp-json\/wp\/v2\/users\/1"}],"replies":[{"embeddable":true,"href":"https:\/\/www.camping.care\/fr\/wp-json\/wp\/v2\/comments?post=752"}],"version-history":[{"count":18,"href":"https:\/\/www.camping.care\/fr\/wp-json\/wp\/v2\/pages\/752\/revisions"}],"predecessor-version":[{"id":74553,"href":"https:\/\/www.camping.care\/fr\/wp-json\/wp\/v2\/pages\/752\/revisions\/74553"}],"wp:attachment":[{"href":"https:\/\/www.camping.care\/fr\/wp-json\/wp\/v2\/media?parent=752"}],"curies":[{"name":"wp","href":"https:\/\/api.w.org\/{rel}","templated":true}]}}