{"id":752,"date":"2024-08-13T11:08:51","date_gmt":"2024-08-13T11:08:51","guid":{"rendered":"https:\/\/www.camping.care\/?page_id=752"},"modified":"2025-10-03T10:25:45","modified_gmt":"2025-10-03T10:25:45","slug":"ehdot","status":"publish","type":"page","link":"https:\/\/www.camping.care\/fi\/terms-and-conditions\/","title":{"rendered":"Ehdot"},"content":{"rendered":"<ol>\n<li>Asiakas ei saa k\u00e4ytt\u00e4\u00e4 Palveluja rikkoakseen hollantilaisia tai muita Asiakkaan tai Camping.care:n alaisia s\u00e4\u00e4nn\u00f6ksi\u00e4 tai muiden oikeuksia.<\/li>\n<li>Camping.care kielt\u00e4\u00e4 Palvelujen k\u00e4ytt\u00e4misen sellaisen materiaalin julkaisemiseen tai levitt\u00e4miseen (olipa se laillista tai ei), joka:<\/li>\n<\/ol>\n<ul>\n<li>on ilmeisesti tarkoitettu auttamaan muita loukkaamaan kolmansien osapuolten oikeuksia, kuten verkkosivustot, jotka sis\u00e4lt\u00e4v\u00e4t (yksinomaan tai p\u00e4\u00e4asiassa) hack-ty\u00f6kaluja tai selityksi\u00e4 tietoverkkorikoksista, joiden tarkoituksena on ilmeisesti antaa lukijalle mahdollisuus suorittaa kuvatut rikolliset toimet (eik\u00e4 puolustautua t\u00e4llaisia vastaan );<\/li>\n<li>ovat selv\u00e4sti herjaavia, herjaavia, loukkaavia, rasistisia, syrjivi\u00e4 tai lietsovat vihaa;<\/li>\n<li>sis\u00e4lt\u00e4v\u00e4t lapsipornografiaa tai el\u00e4inpornografiaa tai niiden tarkoituksena on ilmeisesti auttaa muita l\u00f6yt\u00e4m\u00e4\u00e4n t\u00e4llaista materiaalia;<\/li>\n<li>muodostaa kolmansien osapuolten yksityisyyden loukkauksen, johon sis\u00e4ltyy my\u00f6s kolmansien osapuolten henkil\u00f6tietojen levitt\u00e4minen ilman lupaa tai tarvetta ja kolmansien osapuolten l\u00e4hestyminen ei-toivotulla viestinn\u00e4ll\u00e4;<\/li>\n<li>sis\u00e4lt\u00e4v\u00e4t hyperlinkkej\u00e4, torrentteja tai viittauksia (sis\u00e4lt\u00e4viin) materiaaleihin, jotka ilmeisesti loukkaavat tekij\u00e4noikeuksia, l\u00e4hioikeuksia tai muotokuvaoikeuksia;<\/li>\n<li>sis\u00e4lt\u00e4\u00e4 ei-toivottua kaupallista, hyv\u00e4ntekev\u00e4isyytt\u00e4 tai idealistista viestint\u00e4\u00e4;<\/li>\n<li>sis\u00e4lt\u00e4\u00e4 haittaohjelmia, kuten viruksia tai vakoiluohjelmia.<\/li>\n<\/ul>\n<ol>\n<li>Pornografisen aineiston levitt\u00e4minen Palveluita k\u00e4ytt\u00e4m\u00e4ll\u00e4 on kielletty.<\/li>\n<li>Asiakas ei saa est\u00e4\u00e4 muita asiakkaita ja internetin k\u00e4ytt\u00e4ji\u00e4 tai vahingoittaa Camping.care:n tai muiden asiakkaiden j\u00e4rjestelmi\u00e4 tai verkkoja. Asiakas ei saa suorittaa Camping.care:n j\u00e4rjestelmien kautta tai ei prosesseja tai ohjelmia, joista Asiakas tiet\u00e4\u00e4 tai h\u00e4nen pit\u00e4isi kohtuudella tiet\u00e4\u00e4, ett\u00e4 ne voivat aiheuttaa vahinkoa tai haittaa Camping.care:lle, sen asiakkaille tai internetin k\u00e4ytt\u00e4jille.<\/li>\n<li>Jos Camping.care:n mukaan Camping.care:n tai kolmansien osapuolien j\u00e4rjestelmien tai verkkojen toiminnalle ja\/tai palvelun toimittamiselle Internetin kautta ilmenee esteit\u00e4, vahinkoja tai muita vaaroja, Camping.care:ll\u00e4 on oikeus ryhty\u00e4 kaikkiin toimenpiteisiin, jotka se kohtuudella pit\u00e4\u00e4 tarpeellisina est\u00e4\u00e4kseen tai est\u00e4\u00e4 t\u00e4llaisen vaaran. Tarkemmin sanottuna vaarana voi olla s\u00e4hk\u00f6postien tai muiden tietojen liiallinen l\u00e4hett\u00e4minen, palvelunestohy\u00f6kk\u00e4ykset, huonosti suojatut j\u00e4rjestelm\u00e4t tai virusten, troijalaisten tai vastaavien ohjelmistojen toiminta. Camping.care voi peri\u00e4 takaisin Asiakkaalta n\u00e4ihin toimenpiteisiin liittyv\u00e4t kohtuulliset kustannukset, jos Asiaa voidaan moittia syyn\u00e4.<\/li>\n<li>Jos Camping.care vastaanottaa valituksen asiakkaan t\u00e4m\u00e4n artiklan rikkomisesta tai jos Camping.care toteaa, ett\u00e4 t\u00e4llainen rikkomus on olemassa, Camping.care ilmoittaa asiakkaalle valituksesta tai rikkomuksesta mahdollisimman pian. Asiakkaan tulee vastata mahdollisimman pian, mink\u00e4 j\u00e4lkeen Camping.care p\u00e4\u00e4tt\u00e4\u00e4, miten asia hoidetaan. Poikkeustapauksissa, joissa valituksen tekij\u00e4 on pyyt\u00e4nyt, ett\u00e4 valitusta ei v\u00e4litet\u00e4 Asiakkaalle tai Camping.care on todennut, ett\u00e4 rikkomus on ilmeinen, Camping.care ei ole velvollinen v\u00e4litt\u00e4m\u00e4\u00e4n valitusta eteenp\u00e4in.<\/li>\n<li>Jos Camping.care havaitsee rikkomuksen, se est\u00e4\u00e4 p\u00e4\u00e4syn kyseisiin aineistoihin poistamatta aineistoa lopullisesti (jos t\u00e4m\u00e4 osoittautuu teknisesti mahdottomaksi, Camping.care luo varmuuskopion). Camping.care pyrkii olemaan vaikuttamatta muihin materiaaleihin t\u00e4ss\u00e4 prosessissa. Camping.care ilmoittaa Asiakkaalle toteutetuista toimenpiteist\u00e4 mahdollisimman pian.<\/li>\n<li>Camping.care:ll\u00e4 on aina oikeus ilmoittaa havaitsemistaan laittomista toimista.<\/li>\n<li>Vaikka Camping.care pyrkii toimimaan j\u00e4rkevimm\u00e4ll\u00e4, huolellisimmalla ja asianmukaisimmalla tavalla Asiakasta koskevien valitusten j\u00e4lkeen, Camping.care ei ole koskaan velvollinen korvaamaan t\u00e4m\u00e4n artiklan yhteydess\u00e4 toteutetuista toimenpiteist\u00e4 johtuvia vahinkoja.<\/li>\n<li>Asiakas saa j\u00e4lleenmyyd\u00e4 Palvelut, mutta vain niputettuna tai osana omia tuotteitaan tai palvelujaan paljastamatta Camping.care:n nime\u00e4 toimittajana tai alihankkijana. Asiakas korvaa Camping.care:n kaikista Asiakkaan asiakkaiden vaatimuksista. Camping.care:ll\u00e4 on my\u00f6s oikeus ryhty\u00e4 t\u00e4m\u00e4n artiklan mukaisiin toimenpiteisiin, jos Asiakkaan omat asiakkaat rikkovat n\u00e4it\u00e4 yleisi\u00e4 ehtoja.<\/li>\n<\/ol>","protected":false},"excerpt":{"rendered":"<p>Asiakas ei saa k\u00e4ytt\u00e4\u00e4 Palveluja rikkoakseen hollantilaisia tai muita Asiakkaan tai Camping.care:n alaisia s\u00e4\u00e4nn\u00f6ksi\u00e4 tai muiden oikeuksia. Camping.care kielt\u00e4\u00e4 Palvelujen k\u00e4ytt\u00e4misen sellaisen materiaalin julkaisemiseen tai levitt\u00e4miseen (olipa se sitten laillista tai ei), joka: on selv\u00e4sti tarkoitettu auttamaan muita rikkomaan oikeuksia\u2026 <a class=\"more-link\" href=\"https:\/\/www.camping.care\/fi\/terms-and-conditions\/\">Jatka lukemista <span class=\"screen-reader-text\">Ehdot<\/span><\/a><\/p>","protected":false},"author":1,"featured_media":0,"parent":0,"menu_order":0,"comment_status":"closed","ping_status":"closed","template":"general_page.php","meta":{"_acf_changed":false,"inline_featured_image":false,"footnotes":""},"class_list":["post-752","page","type-page","status-publish","hentry","entry"],"acf":[],"yoast_head":"<!-- This site is optimized with the Yoast SEO plugin v27.3 - https:\/\/yoast.com\/product\/yoast-seo-wordpress\/ -->\n<title>Terms and Conditions - Camping.care<\/title>\n<meta name=\"robots\" content=\"index, follow, max-snippet:-1, max-image-preview:large, max-video-preview:-1\" \/>\n<link rel=\"canonical\" href=\"https:\/\/www.camping.care\/fi\/ehdot\/\" \/>\n<meta property=\"og:locale\" content=\"fi_FI\" \/>\n<meta property=\"og:type\" content=\"article\" \/>\n<meta property=\"og:title\" content=\"Terms and Conditions - Camping.care\" \/>\n<meta property=\"og:description\" content=\"Customer is prohibited to use the Services to violate Dutch or other regulation that Customer or Camping.care is subject to, or to violate rights of others. Camping.care prohibits that the Services are used to publish or disseminate Materials (whether they are lawful or not) that: are evidently intended to support others to violate rights of&hellip; Continue reading Terms and Conditions\" \/>\n<meta property=\"og:url\" content=\"https:\/\/www.camping.care\/fi\/ehdot\/\" \/>\n<meta property=\"og:site_name\" content=\"Camping.care\" \/>\n<meta property=\"article:modified_time\" content=\"2025-10-03T10:25:45+00:00\" \/>\n<meta name=\"twitter:card\" content=\"summary_large_image\" \/>\n<meta name=\"twitter:label1\" content=\"Arvioitu lukuaika\" \/>\n\t<meta name=\"twitter:data1\" content=\"3 minuuttia\" \/>\n<script type=\"application\/ld+json\" class=\"yoast-schema-graph\">{\"@context\":\"https:\\\/\\\/schema.org\",\"@graph\":[{\"@type\":\"WebPage\",\"@id\":\"https:\\\/\\\/www.camping.care\\\/nl\\\/algemene-voorwaarden\\\/\",\"url\":\"https:\\\/\\\/www.camping.care\\\/nl\\\/algemene-voorwaarden\\\/\",\"name\":\"Terms and Conditions - Camping.care\",\"isPartOf\":{\"@id\":\"https:\\\/\\\/www.camping.care\\\/en\\\/#website\"},\"datePublished\":\"2024-08-13T11:08:51+00:00\",\"dateModified\":\"2025-10-03T10:25:45+00:00\",\"breadcrumb\":{\"@id\":\"https:\\\/\\\/www.camping.care\\\/nl\\\/algemene-voorwaarden\\\/#breadcrumb\"},\"inLanguage\":\"fi\",\"potentialAction\":[{\"@type\":\"ReadAction\",\"target\":[\"https:\\\/\\\/www.camping.care\\\/nl\\\/algemene-voorwaarden\\\/\"]}]},{\"@type\":\"BreadcrumbList\",\"@id\":\"https:\\\/\\\/www.camping.care\\\/nl\\\/algemene-voorwaarden\\\/#breadcrumb\",\"itemListElement\":[{\"@type\":\"ListItem\",\"position\":1,\"name\":\"Home\",\"item\":\"https:\\\/\\\/www.camping.care\\\/\"},{\"@type\":\"ListItem\",\"position\":2,\"name\":\"Terms and Conditions\"}]},{\"@type\":\"WebSite\",\"@id\":\"https:\\\/\\\/www.camping.care\\\/en\\\/#website\",\"url\":\"https:\\\/\\\/www.camping.care\\\/en\\\/\",\"name\":\"Camping.care\",\"description\":\"\",\"potentialAction\":[{\"@type\":\"SearchAction\",\"target\":{\"@type\":\"EntryPoint\",\"urlTemplate\":\"https:\\\/\\\/www.camping.care\\\/en\\\/?s={search_term_string}\"},\"query-input\":{\"@type\":\"PropertyValueSpecification\",\"valueRequired\":true,\"valueName\":\"search_term_string\"}}],\"inLanguage\":\"fi\"}]}<\/script>\n<!-- \/ Yoast SEO plugin. -->","yoast_head_json":{"title":"Ehdot - Camping.care","robots":{"index":"index","follow":"follow","max-snippet":"max-snippet:-1","max-image-preview":"max-image-preview:large","max-video-preview":"max-video-preview:-1"},"canonical":"https:\/\/www.camping.care\/fi\/ehdot\/","og_locale":"fi_FI","og_type":"article","og_title":"Terms and Conditions - Camping.care","og_description":"Customer is prohibited to use the Services to violate Dutch or other regulation that Customer or Camping.care is subject to, or to violate rights of others. Camping.care prohibits that the Services are used to publish or disseminate Materials (whether they are lawful or not) that: are evidently intended to support others to violate rights of&hellip; Continue reading Terms and Conditions","og_url":"https:\/\/www.camping.care\/fi\/ehdot\/","og_site_name":"Camping.care","article_modified_time":"2025-10-03T10:25:45+00:00","twitter_card":"summary_large_image","twitter_misc":{"Arvioitu lukuaika":"3 minuuttia"},"schema":{"@context":"https:\/\/schema.org","@graph":[{"@type":"WebPage","@id":"https:\/\/www.camping.care\/nl\/algemene-voorwaarden\/","url":"https:\/\/www.camping.care\/nl\/algemene-voorwaarden\/","name":"Ehdot - Camping.care","isPartOf":{"@id":"https:\/\/www.camping.care\/en\/#website"},"datePublished":"2024-08-13T11:08:51+00:00","dateModified":"2025-10-03T10:25:45+00:00","breadcrumb":{"@id":"https:\/\/www.camping.care\/nl\/algemene-voorwaarden\/#breadcrumb"},"inLanguage":"fi","potentialAction":[{"@type":"ReadAction","target":["https:\/\/www.camping.care\/nl\/algemene-voorwaarden\/"]}]},{"@type":"BreadcrumbList","@id":"https:\/\/www.camping.care\/nl\/algemene-voorwaarden\/#breadcrumb","itemListElement":[{"@type":"ListItem","position":1,"name":"Home","item":"https:\/\/www.camping.care\/"},{"@type":"ListItem","position":2,"name":"Terms and Conditions"}]},{"@type":"WebSite","@id":"https:\/\/www.camping.care\/en\/#website","url":"https:\/\/www.camping.care\/en\/","name":"Camping.care","description":"","potentialAction":[{"@type":"SearchAction","target":{"@type":"EntryPoint","urlTemplate":"https:\/\/www.camping.care\/en\/?s={search_term_string}"},"query-input":{"@type":"PropertyValueSpecification","valueRequired":true,"valueName":"search_term_string"}}],"inLanguage":"fi"}]}},"_links":{"self":[{"href":"https:\/\/www.camping.care\/fi\/wp-json\/wp\/v2\/pages\/752","targetHints":{"allow":["GET"]}}],"collection":[{"href":"https:\/\/www.camping.care\/fi\/wp-json\/wp\/v2\/pages"}],"about":[{"href":"https:\/\/www.camping.care\/fi\/wp-json\/wp\/v2\/types\/page"}],"author":[{"embeddable":true,"href":"https:\/\/www.camping.care\/fi\/wp-json\/wp\/v2\/users\/1"}],"replies":[{"embeddable":true,"href":"https:\/\/www.camping.care\/fi\/wp-json\/wp\/v2\/comments?post=752"}],"version-history":[{"count":18,"href":"https:\/\/www.camping.care\/fi\/wp-json\/wp\/v2\/pages\/752\/revisions"}],"predecessor-version":[{"id":74553,"href":"https:\/\/www.camping.care\/fi\/wp-json\/wp\/v2\/pages\/752\/revisions\/74553"}],"wp:attachment":[{"href":"https:\/\/www.camping.care\/fi\/wp-json\/wp\/v2\/media?parent=752"}],"curies":[{"name":"wp","href":"https:\/\/api.w.org\/{rel}","templated":true}]}}