{"id":752,"date":"2024-08-13T11:08:51","date_gmt":"2024-08-13T11:08:51","guid":{"rendered":"https:\/\/www.camping.care\/?page_id=752"},"modified":"2025-10-03T10:25:45","modified_gmt":"2025-10-03T10:25:45","slug":"terminos-y-condiciones","status":"publish","type":"page","link":"https:\/\/www.camping.care\/es\/terms-and-conditions\/","title":{"rendered":"T\u00e9rminos y condiciones"},"content":{"rendered":"<ol>\n<li>El Cliente tiene prohibido utilizar los Servicios para violar la normativa holandesa o de otro tipo a la que est\u00e9 sujeto el Cliente o Camping.care, o para violar los derechos de terceros.<\/li>\n<li>Camping.care proh\u00edbe que los Servicios se utilicen para publicar o difundir Materiales (sean l\u00edcitos o no) que:<\/li>\n<\/ol>\n<ul>\n<li>est\u00e1n claramente destinados a ayudar a otros a violar los derechos de terceros, como sitios web que contienen (exclusiva o predominantemente) herramientas de pirater\u00eda o explicaciones de delitos cibern\u00e9ticos que evidentemente tienen como objetivo permitir al lector ejecutar las actividades delictivas descritas (y no defenderse de ellas);<\/li>\n<li>sean evidentemente difamatorios, calumniosos, abusivos, racistas, discriminatorios o incitadores al odio;<\/li>\n<li>contienen pornograf\u00eda infantil o pornograf\u00eda bestial o est\u00e1n claramente destinados a ayudar a otros a encontrar dichos materiales;<\/li>\n<li>constituir una violaci\u00f3n de la privacidad de terceros, lo que incluye tambi\u00e9n la difusi\u00f3n de datos personales de terceros sin ning\u00fan permiso o necesidad y el acercamiento a terceros con comunicaciones no solicitadas;<\/li>\n<li>contener hiperv\u00ednculos, torrents o referencias a (lugares que contengan) materiales que evidentemente infrinjan derechos de autor, derechos conexos o derechos de imagen;<\/li>\n<li>contener comunicaciones comerciales, caritativas o idealistas no solicitadas;<\/li>\n<li>contener malware como virus o spyware.<\/li>\n<\/ul>\n<ol>\n<li>Se proh\u00edbe la difusi\u00f3n de materiales pornogr\u00e1ficos utilizando los Servicios.<\/li>\n<li>El Cliente se abstendr\u00e1 de obstaculizar a otros clientes y usuarios de Internet o de da\u00f1ar los sistemas o redes de Camping.care o de otros clientes. El Cliente tiene prohibido ejecutar procesos o programas, ya sea a trav\u00e9s de los sistemas de Camping.care o no, de los cuales el Cliente sepa o deba saber razonablemente que pueden causar da\u00f1o o perjuicio a Camping.care, sus clientes o usuarios de Internet.<\/li>\n<li>Si, seg\u00fan Camping.care, se producen impedimentos, da\u00f1os u otros peligros para el funcionamiento de los sistemas o redes de Camping.care o de terceros y\/o la prestaci\u00f3n de servicios a trav\u00e9s de Internet, Camping.care tendr\u00e1 derecho a adoptar todas las medidas que considere razonablemente necesarias para evitar o prevenir dichos peligros. En concreto, dichos peligros pueden deberse a la transmisi\u00f3n excesiva de correos electr\u00f3nicos u otros datos, a ataques de denegaci\u00f3n de servicio, a sistemas poco seguros o a actividades de virus, troyanos o software similar. Camping.care podr\u00e1 recuperar del Cliente los costes razonables asociados a estas medidas, si se le puede reprochar la causa.<\/li>\n<li>Si Camping.care recibe una reclamaci\u00f3n por infracci\u00f3n de este art\u00edculo por parte del Cliente, o si Camping.care establece que existe dicha infracci\u00f3n, Camping.care notificar\u00e1 al Cliente dicha reclamaci\u00f3n o infracci\u00f3n lo antes posible. El Cliente deber\u00e1 responder lo antes posible, tras lo cual Camping.care decidir\u00e1 c\u00f3mo tratarla. En casos excepcionales, cuando el reclamante haya solicitado no remitir la reclamaci\u00f3n al Cliente o Camping.care establezca que la infracci\u00f3n es evidente, Camping.care no estar\u00e1 obligado a remitir la reclamaci\u00f3n.<\/li>\n<li>Si Camping.care determina que existe una infracci\u00f3n, bloquear\u00e1 el acceso al Material en cuesti\u00f3n, sin eliminarlo definitivamente (si esto resulta t\u00e9cnicamente imposible, Camping.care crear\u00e1 una copia de seguridad). Camping.care har\u00e1 todo lo posible para no afectar a otros Materiales en ese proceso. Camping.care notificar\u00e1 al Cliente sobre las medidas adoptadas lo antes posible.<\/li>\n<li>En todo momento, Camping.care tendr\u00e1 derecho a denunciar cualquier actividad ilegal detectada.<\/li>\n<li>Aunque Camping.care aspira a actuar de la manera m\u00e1s razonable, cuidadosa y adecuada despu\u00e9s de las quejas sobre el Cliente, Camping.care nunca estar\u00e1 obligada a compensar ning\u00fan da\u00f1o resultante de las medidas adoptadas en el contexto de este Art\u00edculo.<\/li>\n<li>El Cliente podr\u00e1 revender los Servicios, pero s\u00f3lo en conjunto con sus propios productos o servicios o como parte de ellos, sin revelar el nombre de Camping.care como proveedor o subcontratista. El Cliente deber\u00e1 indemnizar a Camping.care por cualquier reclamaci\u00f3n de sus clientes. Camping.care tambi\u00e9n tendr\u00e1 derecho a tomar medidas en el contexto de este Art\u00edculo por infracciones de estos T\u00e9rminos y Condiciones Generales por parte de sus propios clientes.<\/li>\n<\/ol>","protected":false},"excerpt":{"rendered":"<p>El Cliente tiene prohibido utilizar los Servicios para violar la normativa holandesa o de otro tipo a la que est\u00e9 sujeto el Cliente o Camping.care, o para violar los derechos de terceros. Camping.care proh\u00edbe que los Servicios se utilicen para publicar o difundir Materiales (ya sean l\u00edcitos o no) que: est\u00e9n evidentemente destinados a ayudar a otros a violar los derechos de\u2026 <a class=\"more-link\" href=\"https:\/\/www.camping.care\/es\/terms-and-conditions\/\">Sigue leyendo <span class=\"screen-reader-text\">T\u00e9rminos y condiciones<\/span><\/a><\/p>","protected":false},"author":1,"featured_media":0,"parent":0,"menu_order":0,"comment_status":"closed","ping_status":"closed","template":"general_page.php","meta":{"_acf_changed":false,"inline_featured_image":false,"footnotes":""},"class_list":["post-752","page","type-page","status-publish","hentry","entry"],"acf":[],"yoast_head":"<!-- This site is optimized with the Yoast SEO plugin v27.3 - https:\/\/yoast.com\/product\/yoast-seo-wordpress\/ -->\n<title>Terms and Conditions - Camping.care<\/title>\n<meta name=\"robots\" content=\"index, follow, max-snippet:-1, max-image-preview:large, max-video-preview:-1\" \/>\n<link rel=\"canonical\" href=\"https:\/\/www.camping.care\/es\/terminos-y-condiciones\/\" \/>\n<meta property=\"og:locale\" content=\"es_ES\" \/>\n<meta property=\"og:type\" content=\"article\" \/>\n<meta property=\"og:title\" content=\"Terms and Conditions - Camping.care\" \/>\n<meta property=\"og:description\" content=\"Customer is prohibited to use the Services to violate Dutch or other regulation that Customer or Camping.care is subject to, or to violate rights of others. Camping.care prohibits that the Services are used to publish or disseminate Materials (whether they are lawful or not) that: are evidently intended to support others to violate rights of&hellip; Continue reading Terms and Conditions\" \/>\n<meta property=\"og:url\" content=\"https:\/\/www.camping.care\/es\/terminos-y-condiciones\/\" \/>\n<meta property=\"og:site_name\" content=\"Camping.care\" \/>\n<meta property=\"article:modified_time\" content=\"2025-10-03T10:25:45+00:00\" \/>\n<meta name=\"twitter:card\" content=\"summary_large_image\" \/>\n<meta name=\"twitter:label1\" content=\"Tiempo de lectura\" \/>\n\t<meta name=\"twitter:data1\" content=\"3 minutos\" \/>\n<script type=\"application\/ld+json\" class=\"yoast-schema-graph\">{\"@context\":\"https:\\\/\\\/schema.org\",\"@graph\":[{\"@type\":\"WebPage\",\"@id\":\"https:\\\/\\\/www.camping.care\\\/nl\\\/algemene-voorwaarden\\\/\",\"url\":\"https:\\\/\\\/www.camping.care\\\/nl\\\/algemene-voorwaarden\\\/\",\"name\":\"Terms and Conditions - Camping.care\",\"isPartOf\":{\"@id\":\"https:\\\/\\\/www.camping.care\\\/en\\\/#website\"},\"datePublished\":\"2024-08-13T11:08:51+00:00\",\"dateModified\":\"2025-10-03T10:25:45+00:00\",\"breadcrumb\":{\"@id\":\"https:\\\/\\\/www.camping.care\\\/nl\\\/algemene-voorwaarden\\\/#breadcrumb\"},\"inLanguage\":\"es\",\"potentialAction\":[{\"@type\":\"ReadAction\",\"target\":[\"https:\\\/\\\/www.camping.care\\\/nl\\\/algemene-voorwaarden\\\/\"]}]},{\"@type\":\"BreadcrumbList\",\"@id\":\"https:\\\/\\\/www.camping.care\\\/nl\\\/algemene-voorwaarden\\\/#breadcrumb\",\"itemListElement\":[{\"@type\":\"ListItem\",\"position\":1,\"name\":\"Home\",\"item\":\"https:\\\/\\\/www.camping.care\\\/\"},{\"@type\":\"ListItem\",\"position\":2,\"name\":\"Terms and Conditions\"}]},{\"@type\":\"WebSite\",\"@id\":\"https:\\\/\\\/www.camping.care\\\/en\\\/#website\",\"url\":\"https:\\\/\\\/www.camping.care\\\/en\\\/\",\"name\":\"Camping.care\",\"description\":\"\",\"potentialAction\":[{\"@type\":\"SearchAction\",\"target\":{\"@type\":\"EntryPoint\",\"urlTemplate\":\"https:\\\/\\\/www.camping.care\\\/en\\\/?s={search_term_string}\"},\"query-input\":{\"@type\":\"PropertyValueSpecification\",\"valueRequired\":true,\"valueName\":\"search_term_string\"}}],\"inLanguage\":\"es\"}]}<\/script>\n<!-- \/ Yoast SEO plugin. -->","yoast_head_json":{"title":"T\u00e9rminos y condiciones - Camping.care","robots":{"index":"index","follow":"follow","max-snippet":"max-snippet:-1","max-image-preview":"max-image-preview:large","max-video-preview":"max-video-preview:-1"},"canonical":"https:\/\/www.camping.care\/es\/terminos-y-condiciones\/","og_locale":"es_ES","og_type":"article","og_title":"Terms and Conditions - Camping.care","og_description":"Customer is prohibited to use the Services to violate Dutch or other regulation that Customer or Camping.care is subject to, or to violate rights of others. Camping.care prohibits that the Services are used to publish or disseminate Materials (whether they are lawful or not) that: are evidently intended to support others to violate rights of&hellip; Continue reading Terms and Conditions","og_url":"https:\/\/www.camping.care\/es\/terminos-y-condiciones\/","og_site_name":"Camping.care","article_modified_time":"2025-10-03T10:25:45+00:00","twitter_card":"summary_large_image","twitter_misc":{"Tiempo de lectura":"3 minutos"},"schema":{"@context":"https:\/\/schema.org","@graph":[{"@type":"WebPage","@id":"https:\/\/www.camping.care\/nl\/algemene-voorwaarden\/","url":"https:\/\/www.camping.care\/nl\/algemene-voorwaarden\/","name":"T\u00e9rminos y condiciones - Camping.care","isPartOf":{"@id":"https:\/\/www.camping.care\/en\/#website"},"datePublished":"2024-08-13T11:08:51+00:00","dateModified":"2025-10-03T10:25:45+00:00","breadcrumb":{"@id":"https:\/\/www.camping.care\/nl\/algemene-voorwaarden\/#breadcrumb"},"inLanguage":"es","potentialAction":[{"@type":"ReadAction","target":["https:\/\/www.camping.care\/nl\/algemene-voorwaarden\/"]}]},{"@type":"BreadcrumbList","@id":"https:\/\/www.camping.care\/nl\/algemene-voorwaarden\/#breadcrumb","itemListElement":[{"@type":"ListItem","position":1,"name":"Home","item":"https:\/\/www.camping.care\/"},{"@type":"ListItem","position":2,"name":"Terms and Conditions"}]},{"@type":"WebSite","@id":"https:\/\/www.camping.care\/en\/#website","url":"https:\/\/www.camping.care\/en\/","name":"Camping.care","description":"","potentialAction":[{"@type":"SearchAction","target":{"@type":"EntryPoint","urlTemplate":"https:\/\/www.camping.care\/en\/?s={search_term_string}"},"query-input":{"@type":"PropertyValueSpecification","valueRequired":true,"valueName":"search_term_string"}}],"inLanguage":"es"}]}},"_links":{"self":[{"href":"https:\/\/www.camping.care\/es\/wp-json\/wp\/v2\/pages\/752","targetHints":{"allow":["GET"]}}],"collection":[{"href":"https:\/\/www.camping.care\/es\/wp-json\/wp\/v2\/pages"}],"about":[{"href":"https:\/\/www.camping.care\/es\/wp-json\/wp\/v2\/types\/page"}],"author":[{"embeddable":true,"href":"https:\/\/www.camping.care\/es\/wp-json\/wp\/v2\/users\/1"}],"replies":[{"embeddable":true,"href":"https:\/\/www.camping.care\/es\/wp-json\/wp\/v2\/comments?post=752"}],"version-history":[{"count":18,"href":"https:\/\/www.camping.care\/es\/wp-json\/wp\/v2\/pages\/752\/revisions"}],"predecessor-version":[{"id":74553,"href":"https:\/\/www.camping.care\/es\/wp-json\/wp\/v2\/pages\/752\/revisions\/74553"}],"wp:attachment":[{"href":"https:\/\/www.camping.care\/es\/wp-json\/wp\/v2\/media?parent=752"}],"curies":[{"name":"Gracias","href":"https:\/\/api.w.org\/{rel}","templated":true}]}}