{"id":752,"date":"2024-08-13T11:08:51","date_gmt":"2024-08-13T11:08:51","guid":{"rendered":"https:\/\/www.camping.care\/?page_id=752"},"modified":"2025-10-03T10:25:45","modified_gmt":"2025-10-03T10:25:45","slug":"geschaftsbedingungen","status":"publish","type":"page","link":"https:\/\/www.camping.care\/de\/terms-and-conditions\/","title":{"rendered":"Gesch\u00e4ftsbedingungen"},"content":{"rendered":"<ol>\n<li>Dem Kunden ist es untersagt, die Dienste zu nutzen, um niederl\u00e4ndische oder andere Vorschriften, denen der Kunde oder Camping.care unterliegen, zu verletzen oder die Rechte anderer zu verletzen.<\/li>\n<li>Camping.care verbietet die Nutzung der Dienste zur Ver\u00f6ffentlichung oder Verbreitung von Materialien (unabh\u00e4ngig davon, ob diese rechtm\u00e4\u00dfig sind oder nicht), die:<\/li>\n<\/ol>\n<ul>\n<li>offensichtlich dazu bestimmt sind, andere bei der Verletzung von Rechten Dritter zu unterst\u00fctzen, wie etwa Websites, die (ausschlie\u00dflich oder \u00fcberwiegend) Hacktools oder Erkl\u00e4rungen zu Cyberkriminalit\u00e4t enthalten und offensichtlich dazu bestimmt sind, den Leser in die Lage zu versetzen, die beschriebenen kriminellen Aktivit\u00e4ten auszuf\u00fchren (und nicht, sich dagegen zu verteidigen);<\/li>\n<li>offensichtlich verleumderisch, beleidigend, beleidigend, rassistisch, diskriminierend oder zum Hass aufrufend sind;<\/li>\n<li>Kinderpornografie oder Zoophilie-Pornografie enthalten oder offensichtlich dazu bestimmt sind, anderen bei der Suche nach solchen Materialien zu helfen;<\/li>\n<li>eine Verletzung der Privatsph\u00e4re Dritter darstellen, wozu auch die Verbreitung personenbezogener Daten Dritter ohne deren Erlaubnis oder Notwendigkeit sowie die Ansprache Dritter mit unerw\u00fcnschten Nachrichten geh\u00f6rt;<\/li>\n<li>Hyperlinks, Torrents oder Verweise auf (Orte, die) Materialien enthalten, die offensichtlich Urheberrechte, verwandte Schutzrechte oder Bildrechte verletzen;<\/li>\n<li>unaufgeforderte kommerzielle, wohlt\u00e4tige oder idealistische Mitteilungen enthalten;<\/li>\n<li>Schadsoftware wie Viren oder Spyware enthalten.<\/li>\n<\/ul>\n<ol>\n<li>Die Verbreitung pornografischen Materials \u00fcber die Dienste ist verboten.<\/li>\n<li>Der Kunde darf keine anderen Kunden und Internetnutzer behindern oder die Systeme oder Netzwerke von Camping.care oder anderen Kunden besch\u00e4digen. Dem Kunden ist es untersagt, Prozesse oder Programme auszuf\u00fchren, unabh\u00e4ngig davon, ob diese \u00fcber die Systeme von Camping.care erfolgen oder nicht, von denen der Kunde wei\u00df oder wissen m\u00fcsste, dass sie Camping.care, seinen Kunden oder Internetnutzern Schaden zuf\u00fcgen oder sie behindern k\u00f6nnen.<\/li>\n<li>Wenn nach Ansicht von Camping.care Behinderungen, Sch\u00e4den oder andere Gefahren f\u00fcr die Funktionsf\u00e4higkeit der Systeme oder Netzwerke von Camping.care oder Dritten und\/oder die Erbringung von Dienstleistungen \u00fcber das Internet auftreten, ist Camping.care berechtigt, alle Ma\u00dfnahmen zu ergreifen, die sie f\u00fcr angemessen h\u00e4lt, um diese Gefahr abzuwehren oder zu verhindern. Eine solche Gefahr kann insbesondere durch \u00fcberm\u00e4\u00dfige \u00dcbertragung von E-Mails oder anderen Daten, Denial-of-Service-Angriffe, schlecht gesicherte Systeme oder Aktivit\u00e4ten von Viren, Trojanern oder \u00e4hnlicher Software bestehen. Camping.care kann die mit diesen Ma\u00dfnahmen verbundenen angemessenen Kosten vom Kunden erstattet bekommen, wenn dem Kunden die Ursache vorgeworfen werden kann.<\/li>\n<li>Wenn Camping.care eine Beschwerde \u00fcber einen Versto\u00df des Kunden gegen diesen Artikel erh\u00e4lt oder wenn Camping.care feststellt, dass ein solcher Versto\u00df vorliegt, benachrichtigt Camping.care den Kunden so schnell wie m\u00f6glich \u00fcber diese Beschwerde oder diesen Versto\u00df. Der Kunde antwortet so schnell wie m\u00f6glich, woraufhin Camping.care entscheidet, wie mit der Beschwerde verfahren wird. In Ausnahmef\u00e4llen, in denen der Beschwerdef\u00fchrer darum gebeten hat, die Beschwerde nicht an den Kunden weiterzuleiten, oder wenn Camping.care feststellt, dass der Versto\u00df offensichtlich ist, ist Camping.care nicht verpflichtet, die Beschwerde weiterzuleiten.<\/li>\n<li>Stellt Camping.care einen Versto\u00df fest, wird sie den Zugriff auf die betreffenden Materialien sperren, ohne diese jedoch endg\u00fcltig zu entfernen (sollte dies technisch nicht m\u00f6glich sein, erstellt Camping.care eine Sicherungskopie). Camping.care wird sich bem\u00fchen, andere Materialien dabei nicht zu beeintr\u00e4chtigen. Camping.care wird den Kunden so schnell wie m\u00f6glich \u00fcber die ergriffenen Ma\u00dfnahmen informieren.<\/li>\n<li>Camping.care ist jederzeit berechtigt, festgestellte illegale Aktivit\u00e4ten zu melden.<\/li>\n<li>Obwohl Camping.care bestrebt ist, bei Beschwerden \u00fcber Kunden auf die vern\u00fcnftigste, sorgf\u00e4ltigste und angemessenste Weise zu handeln, ist Camping.care niemals zum Ersatz von Sch\u00e4den verpflichtet, die aus den im Rahmen dieses Artikels ergriffenen Ma\u00dfnahmen resultieren.<\/li>\n<li>Dem Kunden ist es gestattet, die Dienstleistungen weiterzuverkaufen, jedoch nur geb\u00fcndelt mit oder als Teil seiner eigenen Produkte oder Dienstleistungen, ohne den Namen von Camping.care als Lieferant oder Unterauftragnehmer bekannt zu geben. Der Kunde stellt Camping.care von allen Anspr\u00fcchen der Kunden des Kunden frei. Camping.care ist au\u00dferdem berechtigt, im Rahmen dieses Artikels Ma\u00dfnahmen zu ergreifen, wenn die eigenen Kunden des Kunden gegen diese Allgemeinen Gesch\u00e4ftsbedingungen versto\u00dfen.<\/li>\n<\/ol>","protected":false},"excerpt":{"rendered":"<p>Dem Kunden ist es untersagt, die Dienste zu nutzen, um niederl\u00e4ndische oder andere Vorschriften zu verletzen, denen der Kunde oder Camping.care unterliegen, oder um die Rechte anderer zu verletzen. Camping.care verbietet die Nutzung der Dienste zur Ver\u00f6ffentlichung oder Verbreitung von Materialien (unabh\u00e4ngig davon, ob diese rechtm\u00e4\u00dfig sind oder nicht), die: offensichtlich dazu bestimmt sind, andere bei der Verletzung der Rechte von \u2026 zu unterst\u00fctzen. <a class=\"more-link\" href=\"https:\/\/www.camping.care\/de\/terms-and-conditions\/\">Weiterlesen <span class=\"screen-reader-text\">Gesch\u00e4ftsbedingungen<\/span><\/a><\/p>","protected":false},"author":1,"featured_media":0,"parent":0,"menu_order":0,"comment_status":"closed","ping_status":"closed","template":"general_page.php","meta":{"_acf_changed":false,"inline_featured_image":false,"footnotes":""},"class_list":["post-752","page","type-page","status-publish","hentry","entry"],"acf":[],"yoast_head":"<!-- This site is optimized with the Yoast SEO plugin v27.4 - https:\/\/yoast.com\/product\/yoast-seo-wordpress\/ -->\n<title>Terms and Conditions - Camping.care<\/title>\n<meta name=\"robots\" content=\"index, follow, max-snippet:-1, max-image-preview:large, max-video-preview:-1\" \/>\n<link rel=\"canonical\" href=\"https:\/\/www.camping.care\/de\/geschaftsbedingungen\/\" \/>\n<meta property=\"og:locale\" content=\"de_DE\" \/>\n<meta property=\"og:type\" content=\"article\" \/>\n<meta property=\"og:title\" content=\"Terms and Conditions - Camping.care\" \/>\n<meta property=\"og:description\" content=\"Customer is prohibited to use the Services to violate Dutch or other regulation that Customer or Camping.care is subject to, or to violate rights of others. Camping.care prohibits that the Services are used to publish or disseminate Materials (whether they are lawful or not) that: are evidently intended to support others to violate rights of&hellip; Continue reading Terms and Conditions\" \/>\n<meta property=\"og:url\" content=\"https:\/\/www.camping.care\/de\/geschaftsbedingungen\/\" \/>\n<meta property=\"og:site_name\" content=\"Camping.care\" \/>\n<meta property=\"article:modified_time\" content=\"2025-10-03T10:25:45+00:00\" \/>\n<meta name=\"twitter:card\" content=\"summary_large_image\" \/>\n<meta name=\"twitter:label1\" content=\"Gesch\u00e4tzte Lesezeit\" \/>\n\t<meta name=\"twitter:data1\" content=\"3\u00a0Minuten\" \/>\n<script type=\"application\/ld+json\" class=\"yoast-schema-graph\">{\"@context\":\"https:\\\/\\\/schema.org\",\"@graph\":[{\"@type\":\"WebPage\",\"@id\":\"https:\\\/\\\/www.camping.care\\\/nl\\\/algemene-voorwaarden\\\/\",\"url\":\"https:\\\/\\\/www.camping.care\\\/nl\\\/algemene-voorwaarden\\\/\",\"name\":\"Terms and Conditions - Camping.care\",\"isPartOf\":{\"@id\":\"https:\\\/\\\/www.camping.care\\\/en\\\/#website\"},\"datePublished\":\"2024-08-13T11:08:51+00:00\",\"dateModified\":\"2025-10-03T10:25:45+00:00\",\"breadcrumb\":{\"@id\":\"https:\\\/\\\/www.camping.care\\\/nl\\\/algemene-voorwaarden\\\/#breadcrumb\"},\"inLanguage\":\"de\",\"potentialAction\":[{\"@type\":\"ReadAction\",\"target\":[\"https:\\\/\\\/www.camping.care\\\/nl\\\/algemene-voorwaarden\\\/\"]}]},{\"@type\":\"BreadcrumbList\",\"@id\":\"https:\\\/\\\/www.camping.care\\\/nl\\\/algemene-voorwaarden\\\/#breadcrumb\",\"itemListElement\":[{\"@type\":\"ListItem\",\"position\":1,\"name\":\"Home\",\"item\":\"https:\\\/\\\/www.camping.care\\\/\"},{\"@type\":\"ListItem\",\"position\":2,\"name\":\"Terms and Conditions\"}]},{\"@type\":\"WebSite\",\"@id\":\"https:\\\/\\\/www.camping.care\\\/en\\\/#website\",\"url\":\"https:\\\/\\\/www.camping.care\\\/en\\\/\",\"name\":\"Camping.care\",\"description\":\"\",\"potentialAction\":[{\"@type\":\"SearchAction\",\"target\":{\"@type\":\"EntryPoint\",\"urlTemplate\":\"https:\\\/\\\/www.camping.care\\\/en\\\/?s={search_term_string}\"},\"query-input\":{\"@type\":\"PropertyValueSpecification\",\"valueRequired\":true,\"valueName\":\"search_term_string\"}}],\"inLanguage\":\"de\"}]}<\/script>\n<!-- \/ Yoast SEO plugin. -->","yoast_head_json":{"title":"Allgemeine Gesch\u00e4ftsbedingungen - Camping.care","robots":{"index":"index","follow":"follow","max-snippet":"max-snippet:-1","max-image-preview":"max-image-preview:large","max-video-preview":"max-video-preview:-1"},"canonical":"https:\/\/www.camping.care\/de\/geschaftsbedingungen\/","og_locale":"de_DE","og_type":"article","og_title":"Terms and Conditions - Camping.care","og_description":"Customer is prohibited to use the Services to violate Dutch or other regulation that Customer or Camping.care is subject to, or to violate rights of others. Camping.care prohibits that the Services are used to publish or disseminate Materials (whether they are lawful or not) that: are evidently intended to support others to violate rights of&hellip; Continue reading Terms and Conditions","og_url":"https:\/\/www.camping.care\/de\/geschaftsbedingungen\/","og_site_name":"Camping.care","article_modified_time":"2025-10-03T10:25:45+00:00","twitter_card":"summary_large_image","twitter_misc":{"Gesch\u00e4tzte Lesezeit":"3\u00a0Minuten"},"schema":{"@context":"https:\/\/schema.org","@graph":[{"@type":"WebPage","@id":"https:\/\/www.camping.care\/nl\/algemene-voorwaarden\/","url":"https:\/\/www.camping.care\/nl\/algemene-voorwaarden\/","name":"Allgemeine Gesch\u00e4ftsbedingungen - Camping.care","isPartOf":{"@id":"https:\/\/www.camping.care\/en\/#website"},"datePublished":"2024-08-13T11:08:51+00:00","dateModified":"2025-10-03T10:25:45+00:00","breadcrumb":{"@id":"https:\/\/www.camping.care\/nl\/algemene-voorwaarden\/#breadcrumb"},"inLanguage":"de","potentialAction":[{"@type":"ReadAction","target":["https:\/\/www.camping.care\/nl\/algemene-voorwaarden\/"]}]},{"@type":"BreadcrumbList","@id":"https:\/\/www.camping.care\/nl\/algemene-voorwaarden\/#breadcrumb","itemListElement":[{"@type":"ListItem","position":1,"name":"Home","item":"https:\/\/www.camping.care\/"},{"@type":"ListItem","position":2,"name":"Terms and Conditions"}]},{"@type":"WebSite","@id":"https:\/\/www.camping.care\/en\/#website","url":"https:\/\/www.camping.care\/en\/","name":"Camping.care","description":"","potentialAction":[{"@type":"SearchAction","target":{"@type":"EntryPoint","urlTemplate":"https:\/\/www.camping.care\/en\/?s={search_term_string}"},"query-input":{"@type":"PropertyValueSpecification","valueRequired":true,"valueName":"search_term_string"}}],"inLanguage":"de"}]}},"_links":{"self":[{"href":"https:\/\/www.camping.care\/de\/wp-json\/wp\/v2\/pages\/752","targetHints":{"allow":["GET"]}}],"collection":[{"href":"https:\/\/www.camping.care\/de\/wp-json\/wp\/v2\/pages"}],"about":[{"href":"https:\/\/www.camping.care\/de\/wp-json\/wp\/v2\/types\/page"}],"author":[{"embeddable":true,"href":"https:\/\/www.camping.care\/de\/wp-json\/wp\/v2\/users\/1"}],"replies":[{"embeddable":true,"href":"https:\/\/www.camping.care\/de\/wp-json\/wp\/v2\/comments?post=752"}],"version-history":[{"count":18,"href":"https:\/\/www.camping.care\/de\/wp-json\/wp\/v2\/pages\/752\/revisions"}],"predecessor-version":[{"id":74553,"href":"https:\/\/www.camping.care\/de\/wp-json\/wp\/v2\/pages\/752\/revisions\/74553"}],"wp:attachment":[{"href":"https:\/\/www.camping.care\/de\/wp-json\/wp\/v2\/media?parent=752"}],"curies":[{"name":"wp","href":"https:\/\/api.w.org\/{rel}","templated":true}]}}