{"id":752,"date":"2024-08-13T11:08:51","date_gmt":"2024-08-13T11:08:51","guid":{"rendered":"https:\/\/www.camping.care\/?page_id=752"},"modified":"2025-10-03T10:25:45","modified_gmt":"2025-10-03T10:25:45","slug":"vilkar-og-betingelser","status":"publish","type":"page","link":"https:\/\/www.camping.care\/da\/terms-and-conditions\/","title":{"rendered":"Vilk\u00e5r og betingelser"},"content":{"rendered":"<ol>\n<li>Det er forbudt for kunden at bruge tjenesterne til at overtr\u00e6de hollandsk eller anden regulering, som kunden eller Camping.care er underlagt, eller til at kr\u00e6nke andres rettigheder.<\/li>\n<li>Camping.care forbyder, at Tjenesterne bruges til at offentligg\u00f8re eller formidle materialer (uanset om de er lovlige eller ej), der:<\/li>\n<\/ol>\n<ul>\n<li>er \u00e5benbart beregnet til at st\u00f8tte andre til at kr\u00e6nke tredjeparters rettigheder, s\u00e5som websteder, der (eksklusivt eller overvejende) indeholder hacktools eller forklaringer af cyberkriminalitet, der \u00e5benbart er beregnet til at g\u00f8re det muligt for l\u00e6seren at udf\u00f8re de beskrevne kriminelle aktiviteter (og ikke at forsvare sig mod s\u00e5danne );<\/li>\n<li>er \u00e5benlyst injurierende, bagvaskende, forn\u00e6rmende, racistiske, diskriminerende eller tilskynder til had;<\/li>\n<li>indeholde b\u00f8rnepornografi eller bestialitetspornografi eller er \u00e5benbart beregnet til at hj\u00e6lpe andre med at finde s\u00e5dant materiale;<\/li>\n<li>udg\u00f8re en kr\u00e6nkelse af tredjeparters privatliv, hvilket ogs\u00e5 omfatter spredning af personlige data fra tredjeparter uden nogen tilladelse eller n\u00f8dvendighed og henvendelse fra tredjeparter med uopfordret kommunikation;<\/li>\n<li>indeholde hyperlinks, torrents eller referencer til (steder, der indeholder) materialer, der \u00e5benlyst kr\u00e6nker ophavsrettigheder, naborettigheder eller portr\u00e6trettigheder;<\/li>\n<li>indeholde uopfordret kommerciel, velg\u00f8rende eller idealistisk kommunikation;<\/li>\n<li>indeholder malware s\u00e5som virus eller spyware.<\/li>\n<\/ul>\n<ol>\n<li>Formidling af pornografisk materiale ved hj\u00e6lp af tjenesterne er forbudt.<\/li>\n<li>Kunden skal afst\u00e5 fra at hindre andre kunder og internetbrugere eller skade Camping.care&#039;s eller andre kunders systemer eller netv\u00e6rk. Kunden har forbud mod at udf\u00f8re processer eller programmer, uanset om de er gennem Camping.care&#039;s systemer, hvoraf Kunden ved eller med rimelighed burde vide, at disse kan for\u00e5rsage skade eller h\u00e6mme for Camping.care, dets kunder eller internetbrugere.<\/li>\n<li>S\u00e5fremt der if\u00f8lge Camping.care opst\u00e5r hindringer, skader eller andre farer for funktionen af Camping.care&#039;s eller tredjemands systemer eller netv\u00e6rk og\/eller levering af tjenester via internettet, er Camping.care berettiget til at tr\u00e6ffe alle foranstaltninger, som den med rimelighed sk\u00f8nner n\u00f8dvendige for at afv\u00e6rge eller forhindre en s\u00e5dan fare. Mere specifikt kan en s\u00e5dan fare eksistere i form af overdreven transmission af e-mails eller andre data, denial-of-service-angreb, d\u00e5rligt sikrede systemer eller aktiviteter af virus, trojanske heste eller lignende software. Camping.care kan tilbagebetale omkostningerne, der med rimelighed er forbundet med disse foranstaltninger, fra Kunden, hvis Kunden kan bebrejdes \u00e5rsagen.<\/li>\n<li>Hvis Camping.care modtager en klage over overtr\u00e6delse af denne artikel fra kundens side, eller hvis Camping.care konstaterer, at der er en s\u00e5dan overtr\u00e6delse, skal Camping.care underrette kunden om en s\u00e5dan klage eller overtr\u00e6delse s\u00e5 hurtigt som muligt. Kunden skal svare hurtigst muligt, hvorefter Camping.care beslutter, hvordan det skal h\u00e5ndteres. I s\u00e6rlige tilf\u00e6lde, hvor klageren har anmodet om ikke at videresende klagen til Kunden eller Camping.care har konstateret, at overtr\u00e6delsen er \u00e5benbar, er Camping.care ikke forpligtet til at videresende klagen.<\/li>\n<li>Hvis Camping.care konstaterer, at der er en overtr\u00e6delse, skal den blokere adgangen til det eller de p\u00e5g\u00e6ldende materialer uden at fjerne materialet eller materialet definitivt (hvis dette viser sig teknisk umuligt, skal Camping.care oprette en sikkerhedskopi). Camping.care skal bestr\u00e6be sig p\u00e5 ikke at p\u00e5virke andre materialer i denne proces. Camping.care skal hurtigst muligt underrette Kunden om de trufne foranstaltninger.<\/li>\n<li>Camping.care er til enhver tid berettiget til at rapportere alle opdagede ulovlige aktiviteter.<\/li>\n<li>Selvom Camping.care str\u00e6ber efter at handle p\u00e5 den mest rimelige, omhyggelige og fyldestg\u00f8rende m\u00e5de efter klager over Kunden, er Camping.care aldrig forpligtet til at kompensere for skader som f\u00f8lge af de foranstaltninger, der er truffet i forbindelse med denne artikel.<\/li>\n<li>Kunden har tilladelse til at videres\u00e6lge tjenesterne, men kun bundtet med eller som en del af sine egne produkter eller tjenester uden at oplyse navnet p\u00e5 Camping.care som leverand\u00f8r eller underleverand\u00f8r. Kunden skal holde Camping.care skadesl\u00f8s for ethvert krav fra Kundens kunder. Camping.care er ogs\u00e5 berettiget til at tr\u00e6ffe foranstaltninger i forbindelse med denne artikel for overtr\u00e6delser af disse generelle vilk\u00e5r og betingelser af kundens egne kunder.<\/li>\n<\/ol>","protected":false},"excerpt":{"rendered":"<p>Det er forbudt for kunden at bruge tjenesterne til at overtr\u00e6de hollandsk eller anden regulering, som kunden eller Camping.care er underlagt, eller til at kr\u00e6nke andres rettigheder. Camping.care forbyder, at Tjenesterne bruges til at offentligg\u00f8re eller formidle materialer (uanset om de er lovlige eller ej), der: \u00e5benbart har til form\u00e5l at st\u00f8tte andre til at kr\u00e6nke rettighederne til... <a class=\"more-link\" href=\"https:\/\/www.camping.care\/da\/terms-and-conditions\/\">Forts\u00e6t med at l\u00e6se <span class=\"screen-reader-text\">Vilk\u00e5r og betingelser<\/span><\/a><\/p>","protected":false},"author":1,"featured_media":0,"parent":0,"menu_order":0,"comment_status":"closed","ping_status":"closed","template":"general_page.php","meta":{"_acf_changed":false,"inline_featured_image":false,"footnotes":""},"class_list":["post-752","page","type-page","status-publish","hentry","entry"],"acf":[],"yoast_head":"<!-- This site is optimized with the Yoast SEO plugin v27.4 - https:\/\/yoast.com\/product\/yoast-seo-wordpress\/ -->\n<title>Terms and Conditions - Camping.care<\/title>\n<meta name=\"robots\" content=\"index, follow, max-snippet:-1, max-image-preview:large, max-video-preview:-1\" \/>\n<link rel=\"canonical\" href=\"https:\/\/www.camping.care\/da\/vilkar-og-betingelser\/\" \/>\n<meta property=\"og:locale\" content=\"da_DK\" \/>\n<meta property=\"og:type\" content=\"article\" \/>\n<meta property=\"og:title\" content=\"Terms and Conditions - Camping.care\" \/>\n<meta property=\"og:description\" content=\"Customer is prohibited to use the Services to violate Dutch or other regulation that Customer or Camping.care is subject to, or to violate rights of others. Camping.care prohibits that the Services are used to publish or disseminate Materials (whether they are lawful or not) that: are evidently intended to support others to violate rights of&hellip; Continue reading Terms and Conditions\" \/>\n<meta property=\"og:url\" content=\"https:\/\/www.camping.care\/da\/vilkar-og-betingelser\/\" \/>\n<meta property=\"og:site_name\" content=\"Camping.care\" \/>\n<meta property=\"article:modified_time\" content=\"2025-10-03T10:25:45+00:00\" \/>\n<meta name=\"twitter:card\" content=\"summary_large_image\" \/>\n<meta name=\"twitter:label1\" content=\"Estimeret l\u00e6setid\" \/>\n\t<meta name=\"twitter:data1\" content=\"3 minutter\" \/>\n<script type=\"application\/ld+json\" class=\"yoast-schema-graph\">{\"@context\":\"https:\\\/\\\/schema.org\",\"@graph\":[{\"@type\":\"WebPage\",\"@id\":\"https:\\\/\\\/www.camping.care\\\/nl\\\/algemene-voorwaarden\\\/\",\"url\":\"https:\\\/\\\/www.camping.care\\\/nl\\\/algemene-voorwaarden\\\/\",\"name\":\"Terms and Conditions - Camping.care\",\"isPartOf\":{\"@id\":\"https:\\\/\\\/www.camping.care\\\/en\\\/#website\"},\"datePublished\":\"2024-08-13T11:08:51+00:00\",\"dateModified\":\"2025-10-03T10:25:45+00:00\",\"breadcrumb\":{\"@id\":\"https:\\\/\\\/www.camping.care\\\/nl\\\/algemene-voorwaarden\\\/#breadcrumb\"},\"inLanguage\":\"da-DK\",\"potentialAction\":[{\"@type\":\"ReadAction\",\"target\":[\"https:\\\/\\\/www.camping.care\\\/nl\\\/algemene-voorwaarden\\\/\"]}]},{\"@type\":\"BreadcrumbList\",\"@id\":\"https:\\\/\\\/www.camping.care\\\/nl\\\/algemene-voorwaarden\\\/#breadcrumb\",\"itemListElement\":[{\"@type\":\"ListItem\",\"position\":1,\"name\":\"Home\",\"item\":\"https:\\\/\\\/www.camping.care\\\/\"},{\"@type\":\"ListItem\",\"position\":2,\"name\":\"Terms and Conditions\"}]},{\"@type\":\"WebSite\",\"@id\":\"https:\\\/\\\/www.camping.care\\\/en\\\/#website\",\"url\":\"https:\\\/\\\/www.camping.care\\\/en\\\/\",\"name\":\"Camping.care\",\"description\":\"\",\"potentialAction\":[{\"@type\":\"SearchAction\",\"target\":{\"@type\":\"EntryPoint\",\"urlTemplate\":\"https:\\\/\\\/www.camping.care\\\/en\\\/?s={search_term_string}\"},\"query-input\":{\"@type\":\"PropertyValueSpecification\",\"valueRequired\":true,\"valueName\":\"search_term_string\"}}],\"inLanguage\":\"da-DK\"}]}<\/script>\n<!-- \/ Yoast SEO plugin. -->","yoast_head_json":{"title":"Vilk\u00e5r og betingelser - Camping.care","robots":{"index":"index","follow":"follow","max-snippet":"max-snippet:-1","max-image-preview":"max-image-preview:large","max-video-preview":"max-video-preview:-1"},"canonical":"https:\/\/www.camping.care\/da\/vilkar-og-betingelser\/","og_locale":"da_DK","og_type":"article","og_title":"Terms and Conditions - Camping.care","og_description":"Customer is prohibited to use the Services to violate Dutch or other regulation that Customer or Camping.care is subject to, or to violate rights of others. Camping.care prohibits that the Services are used to publish or disseminate Materials (whether they are lawful or not) that: are evidently intended to support others to violate rights of&hellip; Continue reading Terms and Conditions","og_url":"https:\/\/www.camping.care\/da\/vilkar-og-betingelser\/","og_site_name":"Camping.care","article_modified_time":"2025-10-03T10:25:45+00:00","twitter_card":"summary_large_image","twitter_misc":{"Estimeret l\u00e6setid":"3 minutter"},"schema":{"@context":"https:\/\/schema.org","@graph":[{"@type":"WebPage","@id":"https:\/\/www.camping.care\/nl\/algemene-voorwaarden\/","url":"https:\/\/www.camping.care\/nl\/algemene-voorwaarden\/","name":"Vilk\u00e5r og betingelser - Camping.care","isPartOf":{"@id":"https:\/\/www.camping.care\/en\/#website"},"datePublished":"2024-08-13T11:08:51+00:00","dateModified":"2025-10-03T10:25:45+00:00","breadcrumb":{"@id":"https:\/\/www.camping.care\/nl\/algemene-voorwaarden\/#breadcrumb"},"inLanguage":"da-DK","potentialAction":[{"@type":"ReadAction","target":["https:\/\/www.camping.care\/nl\/algemene-voorwaarden\/"]}]},{"@type":"BreadcrumbList","@id":"https:\/\/www.camping.care\/nl\/algemene-voorwaarden\/#breadcrumb","itemListElement":[{"@type":"ListItem","position":1,"name":"Home","item":"https:\/\/www.camping.care\/"},{"@type":"ListItem","position":2,"name":"Terms and Conditions"}]},{"@type":"WebSite","@id":"https:\/\/www.camping.care\/en\/#website","url":"https:\/\/www.camping.care\/en\/","name":"Camping.care","description":"","potentialAction":[{"@type":"SearchAction","target":{"@type":"EntryPoint","urlTemplate":"https:\/\/www.camping.care\/en\/?s={search_term_string}"},"query-input":{"@type":"PropertyValueSpecification","valueRequired":true,"valueName":"search_term_string"}}],"inLanguage":"da-DK"}]}},"_links":{"self":[{"href":"https:\/\/www.camping.care\/da\/wp-json\/wp\/v2\/pages\/752","targetHints":{"allow":["GET"]}}],"collection":[{"href":"https:\/\/www.camping.care\/da\/wp-json\/wp\/v2\/pages"}],"about":[{"href":"https:\/\/www.camping.care\/da\/wp-json\/wp\/v2\/types\/page"}],"author":[{"embeddable":true,"href":"https:\/\/www.camping.care\/da\/wp-json\/wp\/v2\/users\/1"}],"replies":[{"embeddable":true,"href":"https:\/\/www.camping.care\/da\/wp-json\/wp\/v2\/comments?post=752"}],"version-history":[{"count":18,"href":"https:\/\/www.camping.care\/da\/wp-json\/wp\/v2\/pages\/752\/revisions"}],"predecessor-version":[{"id":74553,"href":"https:\/\/www.camping.care\/da\/wp-json\/wp\/v2\/pages\/752\/revisions\/74553"}],"wp:attachment":[{"href":"https:\/\/www.camping.care\/da\/wp-json\/wp\/v2\/media?parent=752"}],"curies":[{"name":"wp","href":"https:\/\/api.w.org\/{rel}","templated":true}]}}